{"id":17278,"date":"2022-09-07T17:59:38","date_gmt":"2022-09-07T15:59:38","guid":{"rendered":"https:\/\/bici.andreanigroup.com\/product\/supermousse-d-50-taglia-l-per-mtb-all-mtn-enduro-ruota-2-6-2-75\/"},"modified":"2026-01-03T00:35:13","modified_gmt":"2026-01-02T23:35:13","slug":"supermousse-d-50-taglia-l-per-mtb-all-mtn-enduro-ruota-2-6-2-75","status":"publish","type":"product","link":"https:\/\/bici.andreanigroup.com\/en\/prodotto\/supermousse-d-50-taglia-l-per-mtb-all-mtn-enduro-ruota-2-6-2-75\/","title":{"rendered":"SUPERMOUSSE d.50 &#8211; TAGLIA L per MTB (All MTN  \/ Enduro) ruota 2.6 &#8211; 2.75"},"content":{"rendered":"<div>Prodotto singolo per una ruota.<\/div>\n<div>L&#8217;inserto Supermousse Pac-1 di Andreani \u00e8 realizzato con due mescole differenti per un maggiore controllo di guida ed una maggiore protezione <\/div>\n<div>della ruota, infatti la parte esterna \u00e8 realizzata con materiale elastico, mentre la parte interna \u00e8 realizzata con materiale pi\u00f9 duro per assorbire<\/div>\n<div>meglio gli urti.<\/div>\n","protected":false},"excerpt":{"rendered":"<p>Prodotto singolo per una ruota. L&#8217;inserto Supermousse Pac-1 di Andreani \u00e8 realizzato con due mescole differenti per un maggiore controllo di guida ed una maggiore protezione della ruota, infatti la parte esterna \u00e8 realizzata con materiale elastico, mentre la parte interna \u00e8 realizzata con materiale pi\u00f9 duro per assorbire meglio gli urti.<\/p>\n","protected":false},"featured_media":53015,"template":"","meta":{"inline_featured_image":false},"product_cat":[42],"product_tag":[65],"class_list":{"0":"post-17278","1":"product","2":"type-product","3":"status-publish","4":"has-post-thumbnail","6":"product_brand-supermousse","7":"product_cat-mousse","8":"product_tag-supermousse","10":"first","11":"instock","12":"taxable","13":"shipping-taxable","14":"purchasable","15":"product-type-simple"},"yoast_head":"<!-- This site is optimized with the Yoast SEO plugin v27.0 - https:\/\/yoast.com\/product\/yoast-seo-wordpress\/ -->\n<title>SUPERMOUSSE d.50 - TAGLIA L per MTB (All MTN \/ Enduro) ruota 2.6 - 2.75 - Andreani bici<\/title>\n<meta name=\"robots\" content=\"index, follow, max-snippet:-1, max-image-preview:large, max-video-preview:-1\" \/>\n<link rel=\"canonical\" href=\"https:\/\/bici.andreanigroup.com\/en\/prodotto\/supermousse-d-50-taglia-l-per-mtb-all-mtn-enduro-ruota-2-6-2-75\/\" \/>\n<meta property=\"og:locale\" content=\"en_US\" \/>\n<meta property=\"og:type\" content=\"article\" \/>\n<meta property=\"og:title\" content=\"SUPERMOUSSE d.50 - TAGLIA L per MTB (All MTN \/ Enduro) ruota 2.6 - 2.75 - Andreani bici\" \/>\n<meta property=\"og:description\" content=\"Prodotto singolo per una ruota. L&#8217;inserto Supermousse Pac-1 di Andreani \u00e8 realizzato con due mescole differenti per un maggiore controllo di guida ed una maggiore protezione della ruota, infatti la parte esterna \u00e8 realizzata con materiale elastico, mentre la parte interna \u00e8 realizzata con materiale pi\u00f9 duro per assorbire meglio gli urti.\" \/>\n<meta property=\"og:url\" content=\"https:\/\/bici.andreanigroup.com\/en\/prodotto\/supermousse-d-50-taglia-l-per-mtb-all-mtn-enduro-ruota-2-6-2-75\/\" \/>\n<meta property=\"og:site_name\" content=\"Andreani bici\" \/>\n<meta property=\"article:modified_time\" content=\"2026-01-02T23:35:13+00:00\" \/>\n<meta property=\"og:image\" content=\"https:\/\/bici.andreanigroup.com\/wp-content\/uploads\/2026\/01\/pac1-lflyersupermousse20191.jpg\" \/>\n\t<meta property=\"og:image:width\" content=\"2551\" \/>\n\t<meta property=\"og:image:height\" content=\"1819\" \/>\n\t<meta property=\"og:image:type\" content=\"image\/jpeg\" \/>\n<meta name=\"twitter:card\" content=\"summary_large_image\" \/>\n<script type=\"application\/ld+json\" class=\"yoast-schema-graph\">{\"@context\":\"https:\/\/schema.org\",\"@graph\":[{\"@type\":\"WebPage\",\"@id\":\"https:\/\/bici.andreanigroup.com\/en\/prodotto\/supermousse-d-50-taglia-l-per-mtb-all-mtn-enduro-ruota-2-6-2-75\/\",\"url\":\"https:\/\/bici.andreanigroup.com\/en\/prodotto\/supermousse-d-50-taglia-l-per-mtb-all-mtn-enduro-ruota-2-6-2-75\/\",\"name\":\"SUPERMOUSSE d.50 - TAGLIA L per MTB (All MTN \/ Enduro) ruota 2.6 - 2.75 - Andreani bici\",\"isPartOf\":{\"@id\":\"https:\/\/bici.andreanigroup.com\/en\/#website\"},\"primaryImageOfPage\":{\"@id\":\"https:\/\/bici.andreanigroup.com\/en\/prodotto\/supermousse-d-50-taglia-l-per-mtb-all-mtn-enduro-ruota-2-6-2-75\/#primaryimage\"},\"image\":{\"@id\":\"https:\/\/bici.andreanigroup.com\/en\/prodotto\/supermousse-d-50-taglia-l-per-mtb-all-mtn-enduro-ruota-2-6-2-75\/#primaryimage\"},\"thumbnailUrl\":\"https:\/\/bici.andreanigroup.com\/wp-content\/uploads\/2026\/01\/pac1-lflyersupermousse20191.jpg\",\"datePublished\":\"2022-09-07T15:59:38+00:00\",\"dateModified\":\"2026-01-02T23:35:13+00:00\",\"breadcrumb\":{\"@id\":\"https:\/\/bici.andreanigroup.com\/en\/prodotto\/supermousse-d-50-taglia-l-per-mtb-all-mtn-enduro-ruota-2-6-2-75\/#breadcrumb\"},\"inLanguage\":\"en-US\",\"potentialAction\":[{\"@type\":\"ReadAction\",\"target\":[\"https:\/\/bici.andreanigroup.com\/en\/prodotto\/supermousse-d-50-taglia-l-per-mtb-all-mtn-enduro-ruota-2-6-2-75\/\"]}]},{\"@type\":\"ImageObject\",\"inLanguage\":\"en-US\",\"@id\":\"https:\/\/bici.andreanigroup.com\/en\/prodotto\/supermousse-d-50-taglia-l-per-mtb-all-mtn-enduro-ruota-2-6-2-75\/#primaryimage\",\"url\":\"https:\/\/bici.andreanigroup.com\/wp-content\/uploads\/2026\/01\/pac1-lflyersupermousse20191.jpg\",\"contentUrl\":\"https:\/\/bici.andreanigroup.com\/wp-content\/uploads\/2026\/01\/pac1-lflyersupermousse20191.jpg\",\"width\":2551,\"height\":1819},{\"@type\":\"BreadcrumbList\",\"@id\":\"https:\/\/bici.andreanigroup.com\/en\/prodotto\/supermousse-d-50-taglia-l-per-mtb-all-mtn-enduro-ruota-2-6-2-75\/#breadcrumb\",\"itemListElement\":[{\"@type\":\"ListItem\",\"position\":1,\"name\":\"Home\",\"item\":\"https:\/\/bici.andreanigroup.com\/en\/\"},{\"@type\":\"ListItem\",\"position\":2,\"name\":\"Shop\",\"item\":\"https:\/\/bici.andreanigroup.com\/en\/shop-2\/\"},{\"@type\":\"ListItem\",\"position\":3,\"name\":\"SUPERMOUSSE d.50 &#8211; TAGLIA L per MTB (All MTN \/ Enduro) ruota 2.6 &#8211; 2.75\"}]},{\"@type\":\"WebSite\",\"@id\":\"https:\/\/bici.andreanigroup.com\/en\/#website\",\"url\":\"https:\/\/bici.andreanigroup.com\/en\/\",\"name\":\"Andreani bici\",\"description\":\"\",\"potentialAction\":[{\"@type\":\"SearchAction\",\"target\":{\"@type\":\"EntryPoint\",\"urlTemplate\":\"https:\/\/bici.andreanigroup.com\/en\/?s={search_term_string}\"},\"query-input\":{\"@type\":\"PropertyValueSpecification\",\"valueRequired\":true,\"valueName\":\"search_term_string\"}}],\"inLanguage\":\"en-US\"}]}<\/script>\n<!-- \/ Yoast SEO plugin. -->","yoast_head_json":{"title":"SUPERMOUSSE d.50 - TAGLIA L per MTB (All MTN \/ Enduro) ruota 2.6 - 2.75 - Andreani bici","robots":{"index":"index","follow":"follow","max-snippet":"max-snippet:-1","max-image-preview":"max-image-preview:large","max-video-preview":"max-video-preview:-1"},"canonical":"https:\/\/bici.andreanigroup.com\/en\/prodotto\/supermousse-d-50-taglia-l-per-mtb-all-mtn-enduro-ruota-2-6-2-75\/","og_locale":"en_US","og_type":"article","og_title":"SUPERMOUSSE d.50 - TAGLIA L per MTB (All MTN \/ Enduro) ruota 2.6 - 2.75 - Andreani bici","og_description":"Prodotto singolo per una ruota. L&#8217;inserto Supermousse Pac-1 di Andreani \u00e8 realizzato con due mescole differenti per un maggiore controllo di guida ed una maggiore protezione della ruota, infatti la parte esterna \u00e8 realizzata con materiale elastico, mentre la parte interna \u00e8 realizzata con materiale pi\u00f9 duro per assorbire meglio gli urti.","og_url":"https:\/\/bici.andreanigroup.com\/en\/prodotto\/supermousse-d-50-taglia-l-per-mtb-all-mtn-enduro-ruota-2-6-2-75\/","og_site_name":"Andreani bici","article_modified_time":"2026-01-02T23:35:13+00:00","og_image":[{"width":2551,"height":1819,"url":"https:\/\/bici.andreanigroup.com\/wp-content\/uploads\/2026\/01\/pac1-lflyersupermousse20191.jpg","type":"image\/jpeg"}],"twitter_card":"summary_large_image","schema":{"@context":"https:\/\/schema.org","@graph":[{"@type":"WebPage","@id":"https:\/\/bici.andreanigroup.com\/en\/prodotto\/supermousse-d-50-taglia-l-per-mtb-all-mtn-enduro-ruota-2-6-2-75\/","url":"https:\/\/bici.andreanigroup.com\/en\/prodotto\/supermousse-d-50-taglia-l-per-mtb-all-mtn-enduro-ruota-2-6-2-75\/","name":"SUPERMOUSSE d.50 - TAGLIA L per MTB (All MTN \/ Enduro) ruota 2.6 - 2.75 - Andreani bici","isPartOf":{"@id":"https:\/\/bici.andreanigroup.com\/en\/#website"},"primaryImageOfPage":{"@id":"https:\/\/bici.andreanigroup.com\/en\/prodotto\/supermousse-d-50-taglia-l-per-mtb-all-mtn-enduro-ruota-2-6-2-75\/#primaryimage"},"image":{"@id":"https:\/\/bici.andreanigroup.com\/en\/prodotto\/supermousse-d-50-taglia-l-per-mtb-all-mtn-enduro-ruota-2-6-2-75\/#primaryimage"},"thumbnailUrl":"https:\/\/bici.andreanigroup.com\/wp-content\/uploads\/2026\/01\/pac1-lflyersupermousse20191.jpg","datePublished":"2022-09-07T15:59:38+00:00","dateModified":"2026-01-02T23:35:13+00:00","breadcrumb":{"@id":"https:\/\/bici.andreanigroup.com\/en\/prodotto\/supermousse-d-50-taglia-l-per-mtb-all-mtn-enduro-ruota-2-6-2-75\/#breadcrumb"},"inLanguage":"en-US","potentialAction":[{"@type":"ReadAction","target":["https:\/\/bici.andreanigroup.com\/en\/prodotto\/supermousse-d-50-taglia-l-per-mtb-all-mtn-enduro-ruota-2-6-2-75\/"]}]},{"@type":"ImageObject","inLanguage":"en-US","@id":"https:\/\/bici.andreanigroup.com\/en\/prodotto\/supermousse-d-50-taglia-l-per-mtb-all-mtn-enduro-ruota-2-6-2-75\/#primaryimage","url":"https:\/\/bici.andreanigroup.com\/wp-content\/uploads\/2026\/01\/pac1-lflyersupermousse20191.jpg","contentUrl":"https:\/\/bici.andreanigroup.com\/wp-content\/uploads\/2026\/01\/pac1-lflyersupermousse20191.jpg","width":2551,"height":1819},{"@type":"BreadcrumbList","@id":"https:\/\/bici.andreanigroup.com\/en\/prodotto\/supermousse-d-50-taglia-l-per-mtb-all-mtn-enduro-ruota-2-6-2-75\/#breadcrumb","itemListElement":[{"@type":"ListItem","position":1,"name":"Home","item":"https:\/\/bici.andreanigroup.com\/en\/"},{"@type":"ListItem","position":2,"name":"Shop","item":"https:\/\/bici.andreanigroup.com\/en\/shop-2\/"},{"@type":"ListItem","position":3,"name":"SUPERMOUSSE d.50 &#8211; TAGLIA L per MTB (All MTN \/ Enduro) ruota 2.6 &#8211; 2.75"}]},{"@type":"WebSite","@id":"https:\/\/bici.andreanigroup.com\/en\/#website","url":"https:\/\/bici.andreanigroup.com\/en\/","name":"Andreani bici","description":"","potentialAction":[{"@type":"SearchAction","target":{"@type":"EntryPoint","urlTemplate":"https:\/\/bici.andreanigroup.com\/en\/?s={search_term_string}"},"query-input":{"@type":"PropertyValueSpecification","valueRequired":true,"valueName":"search_term_string"}}],"inLanguage":"en-US"}]}},"_links":{"self":[{"href":"https:\/\/bici.andreanigroup.com\/en\/wp-json\/wp\/v2\/product\/17278","targetHints":{"allow":["GET"]}}],"collection":[{"href":"https:\/\/bici.andreanigroup.com\/en\/wp-json\/wp\/v2\/product"}],"about":[{"href":"https:\/\/bici.andreanigroup.com\/en\/wp-json\/wp\/v2\/types\/product"}],"wp:featuredmedia":[{"embeddable":true,"href":"https:\/\/bici.andreanigroup.com\/en\/wp-json\/wp\/v2\/media\/53015"}],"wp:attachment":[{"href":"https:\/\/bici.andreanigroup.com\/en\/wp-json\/wp\/v2\/media?parent=17278"}],"wp:term":[{"taxonomy":"product_cat","embeddable":true,"href":"https:\/\/bici.andreanigroup.com\/en\/wp-json\/wp\/v2\/product_cat?post=17278"},{"taxonomy":"product_tag","embeddable":true,"href":"https:\/\/bici.andreanigroup.com\/en\/wp-json\/wp\/v2\/product_tag?post=17278"}],"curies":[{"name":"wp","href":"https:\/\/api.w.org\/{rel}","templated":true}]}}