{"id":21084,"date":"2023-03-10T00:30:15","date_gmt":"2023-03-09T23:30:15","guid":{"rendered":"https:\/\/bici.andreanigroup.com\/prodotto\/ninefold-flex-30-2\/"},"modified":"2025-04-18T00:35:09","modified_gmt":"2025-04-17T22:35:09","slug":"ninefold-flex-30-2","status":"publish","type":"product","link":"https:\/\/bici.andreanigroup.com\/en\/prodotto\/ninefold-flex-30-2\/","title":{"rendered":"Ninefold Flex 30 Ultimate Carbon Wheels \/ DT Swiss 180 EXP Ceramic (Center Lock) \/ 15 x 110 Boost \/ 12 x 148 Boost \/ Shimano 12 sp. Micro Spline"},"content":{"rendered":"<div><font color=\"black\"><strong>SPECIFICHE<\/strong><\/font><\/div>\n<div><font color=\"black\">\u2022 Un set di ruote davvero rivoluzionario<\/font><\/div>\n<div><font color=\"black\">\u2022 Un cerchio flex appositamente sviluppato che combina la rigidit\u00e0 laterale con l&#8217;assorbimento verticale degli urti per garantire aderenza e comfort.<\/font><\/div>\n<div><font color=\"black\">\u2022 I raggi Berd, estremamente leggeri e resistenti, sfruttano al meglio il cerchio Flex. Combinati tra loro per ottenere un effetto ottimale come set di ruote<\/font><\/div>\n<div><font color=\"black\">\u2022 Ultra leggero Ninefold Ultimate Edition con smorzamento delle vibrazioni Berd Spokes<\/font><\/div>\n<div><font color=\"black\">\u2022 Profilo del cerchio asimmetrico per ruote della migliore qualit\u00e0 con tensione dei raggi perfettamente bilanciata tra i due lati delle ruote<\/font><\/div>\n<div><font color=\"black\">\u2022 Leggeri e affidabili i mozzi DT Swiss 180 EXP<\/font><\/div>\n<div><font color=\"black\">\u2022 DT Swiss Ratchet EXP con cuscinetti in ceramica<\/font><\/div>\n<div><font color=\"black\">\u2022 Larghezza interna di 30 mm per pneumatici da 2,25 a 2,50<\/font><\/div>\n<div><font color=\"black\">\u2022 Disponibile solo con i cerchi leggeri Ninefold<\/font><\/div>\n<div><font color=\"black\">\u2022 Progettato per le gare di cross e maratona<\/font><\/div>\n<div><font color=\"black\"><strong>PESI<\/strong><\/font><\/div>\n<div><font color=\"black\">Peso massimo del pilota + gear : 115 Kg<\/font><\/div>\n<div><font color=\"black\">Peso della coppia: 1163 gr. <\/font><\/div>\n<div><font color=\"black\">I pesi sono misurati senza valvole e nastro per cerchi (\u00b1 25 grammi in totale)<\/font><\/div>\n<div><font color=\"black\">&nbsp;&nbsp;<\/font><\/div>\n<div><font color=\"black\"><strong>COSTRUITO A MANO NEI PAESI BASSI <\/strong><\/font><\/div>\n<div><font color=\"black\">Tutte le ruote 9th Wave sono costruite a mano dai nostri mastri costruttori nei Paesi Bassi.<\/font><\/div>\n<div><font color=\"black\"><strong>CERCHIO<\/strong> <\/font><\/div>\n<div><font color=\"black\">Peso del cerchio 348 g.<\/font><\/div>\n<div><font color=\"black\">Tecnologia Flex<\/font><\/div>\n<div><font color=\"black\">ERD: 604<\/font><\/div>\n<div><font color=\"black\">Dimensioni: 29er \/ 700c<\/font><\/div>\n<div><font color=\"black\">Cerchio senza ganci<\/font><\/div>\n<div><font color=\"black\">Design asimmetrico del cerchio<\/font><\/div>\n<div><font color=\"black\">Fori dei raggi angolati<\/font><\/div>\n<div><font color=\"black\">Strato di carbonio misto 3K\/UD<\/font><\/div>\n<div><font color=\"black\">Finitura in carbonio UD<\/font><\/div>\n<div><font color=\"black\">Design personalizzato disponibile: Qualsiasi colore \u00e8 possibile<\/font><\/div>\n<div><font color=\"black\">Tubeless pronto, nastro per cerchi installato<\/font><\/div>\n<div><font color=\"black\">Tubeless valvole installate<\/font><\/div>\n<div><font color=\"black\">&nbsp;&nbsp;<\/font><\/div>\n<div><font color=\"black\"><strong>RAGGI BERD<\/strong> <\/font><\/div>\n<div><font color=\"black\">I raggi Berd sono realizzati con un polimero avanzato e hanno un rapporto resistenza-peso 12 volte superiore a quello dell&#8217;acciaio e galleggiano sull&#8217;acqua. I raggi Berd hanno una maggiore resistenza alla fatica rispetto all&#8217;acciaio e sono impermeabili agli agenti atmosferici. Questo \u00e8 ci\u00f2 che rende i raggi Berd i raggi pi\u00f9 leggeri, resistenti e durevoli mai inventati.<\/font><\/div>\n<div><font color=\"black\">Questi raggi hanno propriet\u00e0 di smorzamento delle vibrazioni molto forti in combinazione con cerchi Flex appositamente realizzati. Ci\u00f2 significa che i carichi d&#8217;urto non vengono trasmessi direttamente al tuo corpo.<\/font><\/div>\n<div><font color=\"black\">Pi\u00f9 del 50% di risparmio di peso rispetto ai raggi DT Revolution gi\u00e0 leggeri e una combinazione unica di nove strati di carbonio con i raggi Berd fornisce un perfetto mix tra basso peso, comfort e durata.<\/font><\/div>\n","protected":false},"excerpt":{"rendered":"<p>SPECIFICHE \u2022 Un set di ruote davvero rivoluzionario \u2022 Un cerchio flex appositamente sviluppato che combina la rigidit\u00e0 laterale con l&#8217;assorbimento verticale degli urti per garantire aderenza e comfort. \u2022 I raggi Berd, estremamente leggeri e resistenti, sfruttano al meglio il cerchio Flex. Combinati tra loro per ottenere un effetto ottimale come set di ruote [&hellip;]<\/p>\n","protected":false},"featured_media":47143,"template":"","meta":{"inline_featured_image":false},"product_cat":[75],"product_tag":[83],"class_list":{"0":"post-21084","1":"product","2":"type-product","3":"status-publish","4":"has-post-thumbnail","6":"product_brand-9th-wave","7":"product_cat-ruote","8":"product_tag-9th-wave","10":"first","11":"instock","12":"taxable","13":"shipping-taxable","14":"purchasable","15":"product-type-simple"},"yoast_head":"<!-- This site is optimized with the Yoast SEO plugin v27.0 - https:\/\/yoast.com\/product\/yoast-seo-wordpress\/ -->\n<title>Ninefold Flex 30 Ultimate Carbon Wheels \/ DT Swiss 180 EXP Ceramic (Center Lock) \/ 15 x 110 Boost \/ 12 x 148 Boost \/ Shimano 12 sp. Micro Spline - Andreani bici<\/title>\n<meta name=\"robots\" content=\"index, follow, max-snippet:-1, max-image-preview:large, max-video-preview:-1\" \/>\n<link rel=\"canonical\" href=\"https:\/\/bici.andreanigroup.com\/en\/prodotto\/ninefold-flex-30-2\/\" \/>\n<meta property=\"og:locale\" content=\"en_US\" \/>\n<meta property=\"og:type\" content=\"article\" \/>\n<meta property=\"og:title\" content=\"Ninefold Flex 30 Ultimate Carbon Wheels \/ DT Swiss 180 EXP Ceramic (Center Lock) \/ 15 x 110 Boost \/ 12 x 148 Boost \/ Shimano 12 sp. Micro Spline - Andreani bici\" \/>\n<meta property=\"og:description\" content=\"SPECIFICHE \u2022 Un set di ruote davvero rivoluzionario \u2022 Un cerchio flex appositamente sviluppato che combina la rigidit\u00e0 laterale con l&#8217;assorbimento verticale degli urti per garantire aderenza e comfort. \u2022 I raggi Berd, estremamente leggeri e resistenti, sfruttano al meglio il cerchio Flex. Combinati tra loro per ottenere un effetto ottimale come set di ruote [&hellip;]\" \/>\n<meta property=\"og:url\" content=\"https:\/\/bici.andreanigroup.com\/en\/prodotto\/ninefold-flex-30-2\/\" \/>\n<meta property=\"og:site_name\" content=\"Andreani bici\" \/>\n<meta property=\"article:modified_time\" content=\"2025-04-17T22:35:09+00:00\" \/>\n<meta property=\"og:image\" content=\"https:\/\/bici.andreanigroup.com\/wp-content\/uploads\/2025\/04\/15.K0211Ninefold-Flex-30-Ultimate-Team-Set-B.jpg\" \/>\n\t<meta property=\"og:image:width\" content=\"2048\" \/>\n\t<meta property=\"og:image:height\" content=\"2048\" \/>\n\t<meta property=\"og:image:type\" content=\"image\/jpeg\" \/>\n<meta name=\"twitter:card\" content=\"summary_large_image\" \/>\n<meta name=\"twitter:label1\" content=\"Est. reading time\" \/>\n\t<meta name=\"twitter:data1\" content=\"2 minutes\" \/>\n<script type=\"application\/ld+json\" class=\"yoast-schema-graph\">{\"@context\":\"https:\/\/schema.org\",\"@graph\":[{\"@type\":\"WebPage\",\"@id\":\"https:\/\/bici.andreanigroup.com\/en\/prodotto\/ninefold-flex-30-2\/\",\"url\":\"https:\/\/bici.andreanigroup.com\/en\/prodotto\/ninefold-flex-30-2\/\",\"name\":\"Ninefold Flex 30 Ultimate Carbon Wheels \/ DT Swiss 180 EXP Ceramic (Center Lock) \/ 15 x 110 Boost \/ 12 x 148 Boost \/ Shimano 12 sp. Micro Spline - Andreani bici\",\"isPartOf\":{\"@id\":\"https:\/\/bici.andreanigroup.com\/en\/#website\"},\"primaryImageOfPage\":{\"@id\":\"https:\/\/bici.andreanigroup.com\/en\/prodotto\/ninefold-flex-30-2\/#primaryimage\"},\"image\":{\"@id\":\"https:\/\/bici.andreanigroup.com\/en\/prodotto\/ninefold-flex-30-2\/#primaryimage\"},\"thumbnailUrl\":\"https:\/\/bici.andreanigroup.com\/wp-content\/uploads\/2025\/04\/15.K0211Ninefold-Flex-30-Ultimate-Team-Set-B.jpg\",\"datePublished\":\"2023-03-09T23:30:15+00:00\",\"dateModified\":\"2025-04-17T22:35:09+00:00\",\"breadcrumb\":{\"@id\":\"https:\/\/bici.andreanigroup.com\/en\/prodotto\/ninefold-flex-30-2\/#breadcrumb\"},\"inLanguage\":\"en-US\",\"potentialAction\":[{\"@type\":\"ReadAction\",\"target\":[\"https:\/\/bici.andreanigroup.com\/en\/prodotto\/ninefold-flex-30-2\/\"]}]},{\"@type\":\"ImageObject\",\"inLanguage\":\"en-US\",\"@id\":\"https:\/\/bici.andreanigroup.com\/en\/prodotto\/ninefold-flex-30-2\/#primaryimage\",\"url\":\"https:\/\/bici.andreanigroup.com\/wp-content\/uploads\/2025\/04\/15.K0211Ninefold-Flex-30-Ultimate-Team-Set-B.jpg\",\"contentUrl\":\"https:\/\/bici.andreanigroup.com\/wp-content\/uploads\/2025\/04\/15.K0211Ninefold-Flex-30-Ultimate-Team-Set-B.jpg\",\"width\":2048,\"height\":2048},{\"@type\":\"BreadcrumbList\",\"@id\":\"https:\/\/bici.andreanigroup.com\/en\/prodotto\/ninefold-flex-30-2\/#breadcrumb\",\"itemListElement\":[{\"@type\":\"ListItem\",\"position\":1,\"name\":\"Home\",\"item\":\"https:\/\/bici.andreanigroup.com\/en\/\"},{\"@type\":\"ListItem\",\"position\":2,\"name\":\"Shop\",\"item\":\"https:\/\/bici.andreanigroup.com\/en\/shop-2\/\"},{\"@type\":\"ListItem\",\"position\":3,\"name\":\"Ninefold Flex 30 Ultimate Carbon Wheels \/ DT Swiss 180 EXP Ceramic (Center Lock) \/ 15 x 110 Boost \/ 12 x 148 Boost \/ Shimano 12 sp. Micro Spline\"}]},{\"@type\":\"WebSite\",\"@id\":\"https:\/\/bici.andreanigroup.com\/en\/#website\",\"url\":\"https:\/\/bici.andreanigroup.com\/en\/\",\"name\":\"Andreani bici\",\"description\":\"\",\"potentialAction\":[{\"@type\":\"SearchAction\",\"target\":{\"@type\":\"EntryPoint\",\"urlTemplate\":\"https:\/\/bici.andreanigroup.com\/en\/?s={search_term_string}\"},\"query-input\":{\"@type\":\"PropertyValueSpecification\",\"valueRequired\":true,\"valueName\":\"search_term_string\"}}],\"inLanguage\":\"en-US\"}]}<\/script>\n<!-- \/ Yoast SEO plugin. -->","yoast_head_json":{"title":"Ninefold Flex 30 Ultimate Carbon Wheels \/ DT Swiss 180 EXP Ceramic (Center Lock) \/ 15 x 110 Boost \/ 12 x 148 Boost \/ Shimano 12 sp. Micro Spline - Andreani bici","robots":{"index":"index","follow":"follow","max-snippet":"max-snippet:-1","max-image-preview":"max-image-preview:large","max-video-preview":"max-video-preview:-1"},"canonical":"https:\/\/bici.andreanigroup.com\/en\/prodotto\/ninefold-flex-30-2\/","og_locale":"en_US","og_type":"article","og_title":"Ninefold Flex 30 Ultimate Carbon Wheels \/ DT Swiss 180 EXP Ceramic (Center Lock) \/ 15 x 110 Boost \/ 12 x 148 Boost \/ Shimano 12 sp. Micro Spline - Andreani bici","og_description":"SPECIFICHE \u2022 Un set di ruote davvero rivoluzionario \u2022 Un cerchio flex appositamente sviluppato che combina la rigidit\u00e0 laterale con l&#8217;assorbimento verticale degli urti per garantire aderenza e comfort. \u2022 I raggi Berd, estremamente leggeri e resistenti, sfruttano al meglio il cerchio Flex. Combinati tra loro per ottenere un effetto ottimale come set di ruote [&hellip;]","og_url":"https:\/\/bici.andreanigroup.com\/en\/prodotto\/ninefold-flex-30-2\/","og_site_name":"Andreani bici","article_modified_time":"2025-04-17T22:35:09+00:00","og_image":[{"width":2048,"height":2048,"url":"https:\/\/bici.andreanigroup.com\/wp-content\/uploads\/2025\/04\/15.K0211Ninefold-Flex-30-Ultimate-Team-Set-B.jpg","type":"image\/jpeg"}],"twitter_card":"summary_large_image","twitter_misc":{"Est. reading time":"2 minutes"},"schema":{"@context":"https:\/\/schema.org","@graph":[{"@type":"WebPage","@id":"https:\/\/bici.andreanigroup.com\/en\/prodotto\/ninefold-flex-30-2\/","url":"https:\/\/bici.andreanigroup.com\/en\/prodotto\/ninefold-flex-30-2\/","name":"Ninefold Flex 30 Ultimate Carbon Wheels \/ DT Swiss 180 EXP Ceramic (Center Lock) \/ 15 x 110 Boost \/ 12 x 148 Boost \/ Shimano 12 sp. Micro Spline - Andreani bici","isPartOf":{"@id":"https:\/\/bici.andreanigroup.com\/en\/#website"},"primaryImageOfPage":{"@id":"https:\/\/bici.andreanigroup.com\/en\/prodotto\/ninefold-flex-30-2\/#primaryimage"},"image":{"@id":"https:\/\/bici.andreanigroup.com\/en\/prodotto\/ninefold-flex-30-2\/#primaryimage"},"thumbnailUrl":"https:\/\/bici.andreanigroup.com\/wp-content\/uploads\/2025\/04\/15.K0211Ninefold-Flex-30-Ultimate-Team-Set-B.jpg","datePublished":"2023-03-09T23:30:15+00:00","dateModified":"2025-04-17T22:35:09+00:00","breadcrumb":{"@id":"https:\/\/bici.andreanigroup.com\/en\/prodotto\/ninefold-flex-30-2\/#breadcrumb"},"inLanguage":"en-US","potentialAction":[{"@type":"ReadAction","target":["https:\/\/bici.andreanigroup.com\/en\/prodotto\/ninefold-flex-30-2\/"]}]},{"@type":"ImageObject","inLanguage":"en-US","@id":"https:\/\/bici.andreanigroup.com\/en\/prodotto\/ninefold-flex-30-2\/#primaryimage","url":"https:\/\/bici.andreanigroup.com\/wp-content\/uploads\/2025\/04\/15.K0211Ninefold-Flex-30-Ultimate-Team-Set-B.jpg","contentUrl":"https:\/\/bici.andreanigroup.com\/wp-content\/uploads\/2025\/04\/15.K0211Ninefold-Flex-30-Ultimate-Team-Set-B.jpg","width":2048,"height":2048},{"@type":"BreadcrumbList","@id":"https:\/\/bici.andreanigroup.com\/en\/prodotto\/ninefold-flex-30-2\/#breadcrumb","itemListElement":[{"@type":"ListItem","position":1,"name":"Home","item":"https:\/\/bici.andreanigroup.com\/en\/"},{"@type":"ListItem","position":2,"name":"Shop","item":"https:\/\/bici.andreanigroup.com\/en\/shop-2\/"},{"@type":"ListItem","position":3,"name":"Ninefold Flex 30 Ultimate Carbon Wheels \/ DT Swiss 180 EXP Ceramic (Center Lock) \/ 15 x 110 Boost \/ 12 x 148 Boost \/ Shimano 12 sp. Micro Spline"}]},{"@type":"WebSite","@id":"https:\/\/bici.andreanigroup.com\/en\/#website","url":"https:\/\/bici.andreanigroup.com\/en\/","name":"Andreani bici","description":"","potentialAction":[{"@type":"SearchAction","target":{"@type":"EntryPoint","urlTemplate":"https:\/\/bici.andreanigroup.com\/en\/?s={search_term_string}"},"query-input":{"@type":"PropertyValueSpecification","valueRequired":true,"valueName":"search_term_string"}}],"inLanguage":"en-US"}]}},"_links":{"self":[{"href":"https:\/\/bici.andreanigroup.com\/en\/wp-json\/wp\/v2\/product\/21084","targetHints":{"allow":["GET"]}}],"collection":[{"href":"https:\/\/bici.andreanigroup.com\/en\/wp-json\/wp\/v2\/product"}],"about":[{"href":"https:\/\/bici.andreanigroup.com\/en\/wp-json\/wp\/v2\/types\/product"}],"wp:featuredmedia":[{"embeddable":true,"href":"https:\/\/bici.andreanigroup.com\/en\/wp-json\/wp\/v2\/media\/47143"}],"wp:attachment":[{"href":"https:\/\/bici.andreanigroup.com\/en\/wp-json\/wp\/v2\/media?parent=21084"}],"wp:term":[{"taxonomy":"product_cat","embeddable":true,"href":"https:\/\/bici.andreanigroup.com\/en\/wp-json\/wp\/v2\/product_cat?post=21084"},{"taxonomy":"product_tag","embeddable":true,"href":"https:\/\/bici.andreanigroup.com\/en\/wp-json\/wp\/v2\/product_tag?post=21084"}],"curies":[{"name":"wp","href":"https:\/\/api.w.org\/{rel}","templated":true}]}}