{"id":36144,"date":"2024-01-16T00:35:55","date_gmt":"2024-01-15T23:35:55","guid":{"rendered":"https:\/\/bici.andreanigroup.com\/prodotto\/txc2air-std-210x55-per-specialized-epic-2021-23\/"},"modified":"2026-04-03T00:35:11","modified_gmt":"2026-04-02T22:35:11","slug":"txc2air-std-210x55-per-specialized-epic-2021-23","status":"publish","type":"product","link":"https:\/\/bici.andreanigroup.com\/en\/prodotto\/txc2air-std-210x55-per-specialized-epic-2021-23\/","title":{"rendered":"TXC2Air STD 265&#215;52,5 per SPECIALIZED EPIC 2021\/23"},"content":{"rendered":"<div><font color=\"black\">Caratteristiche<\/font><\/div>\n<div><font color=\"black\">Idraulica ottimizzata per le gare XC con stack di spessori di serie<\/font><\/div>\n<div><font color=\"black\">3 modalit\u00e0 di guida sviluppate e testate per risparmiare secondi in pista<\/font><\/div>\n<div><font color=\"black\">Sistema di spaziatura del volume adatto al ciclista per regolare la progressivit\u00e0 della molla pneumatica<\/font><\/div>\n<div><font color=\"black\">I riduttori possono essere facilmente installati per regolare la corsa<\/font><\/div>\n<div><font color=\"black\">Pi\u00f9 grande, pi\u00f9 versatile del TXC1Air<\/font><\/div>\n<div><font color=\"black\">Connessione remota<\/font><\/div>\n<div><font color=\"black\">Connessione remota compatibile con sistemi che tirano 7,5 mm di filo per clic<\/font><\/div>\n<div><font color=\"black\">Disponibile adattatore per comandi manuali e sistemi a trazione 5,5 mm per scatto<\/font><\/div>\n<div><font color=\"black\">12 clic in estensione<\/font><\/div>\n<div><font color=\"black\">210 x 55 mm<\/font><\/div>\n<div><font color=\"black\">Peso da 255 g<\/font><\/div>\n","protected":false},"excerpt":{"rendered":"<p>Caratteristiche Idraulica ottimizzata per le gare XC con stack di spessori di serie 3 modalit\u00e0 di guida sviluppate e testate per risparmiare secondi in pista Sistema di spaziatura del volume adatto al ciclista per regolare la progressivit\u00e0 della molla pneumatica I riduttori possono essere facilmente installati per regolare la corsa Pi\u00f9 grande, pi\u00f9 versatile del [&hellip;]<\/p>\n","protected":false},"featured_media":54750,"template":"","meta":{"inline_featured_image":false},"product_cat":[49],"product_tag":[55],"class_list":{"0":"post-36144","1":"product","2":"type-product","3":"status-publish","4":"has-post-thumbnail","6":"product_brand-ohlins","7":"product_cat-ammortizzatori","8":"product_tag-ohlins","10":"first","11":"instock","12":"taxable","13":"shipping-taxable","14":"purchasable","15":"product-type-simple"},"yoast_head":"<!-- This site is optimized with the Yoast SEO plugin v27.0 - https:\/\/yoast.com\/product\/yoast-seo-wordpress\/ -->\n<title>TXC2Air STD 265x52,5 per SPECIALIZED EPIC 2021\/23 - Andreani bici<\/title>\n<meta name=\"robots\" content=\"index, follow, max-snippet:-1, max-image-preview:large, max-video-preview:-1\" \/>\n<link rel=\"canonical\" href=\"https:\/\/bici.andreanigroup.com\/en\/prodotto\/txc2air-std-210x55-per-specialized-epic-2021-23\/\" \/>\n<meta property=\"og:locale\" content=\"en_US\" \/>\n<meta property=\"og:type\" content=\"article\" \/>\n<meta property=\"og:title\" content=\"TXC2Air STD 265x52,5 per SPECIALIZED EPIC 2021\/23 - Andreani bici\" \/>\n<meta property=\"og:description\" content=\"Caratteristiche Idraulica ottimizzata per le gare XC con stack di spessori di serie 3 modalit\u00e0 di guida sviluppate e testate per risparmiare secondi in pista Sistema di spaziatura del volume adatto al ciclista per regolare la progressivit\u00e0 della molla pneumatica I riduttori possono essere facilmente installati per regolare la corsa Pi\u00f9 grande, pi\u00f9 versatile del [&hellip;]\" \/>\n<meta property=\"og:url\" content=\"https:\/\/bici.andreanigroup.com\/en\/prodotto\/txc2air-std-210x55-per-specialized-epic-2021-23\/\" \/>\n<meta property=\"og:site_name\" content=\"Andreani bici\" \/>\n<meta property=\"article:modified_time\" content=\"2026-04-02T22:35:11+00:00\" \/>\n<meta property=\"og:image\" content=\"https:\/\/bici.andreanigroup.com\/wp-content\/uploads\/2026\/04\/MTBM%202327E21MTBM%2023213H8A9644.jpg\" \/>\n\t<meta property=\"og:image:width\" content=\"4032\" \/>\n\t<meta property=\"og:image:height\" content=\"2688\" \/>\n\t<meta property=\"og:image:type\" content=\"image\/jpeg\" \/>\n<meta name=\"twitter:card\" content=\"summary_large_image\" \/>\n<script type=\"application\/ld+json\" class=\"yoast-schema-graph\">{\"@context\":\"https:\/\/schema.org\",\"@graph\":[{\"@type\":\"WebPage\",\"@id\":\"https:\/\/bici.andreanigroup.com\/en\/prodotto\/txc2air-std-210x55-per-specialized-epic-2021-23\/\",\"url\":\"https:\/\/bici.andreanigroup.com\/en\/prodotto\/txc2air-std-210x55-per-specialized-epic-2021-23\/\",\"name\":\"TXC2Air STD 265x52,5 per SPECIALIZED EPIC 2021\/23 - Andreani bici\",\"isPartOf\":{\"@id\":\"https:\/\/bici.andreanigroup.com\/en\/#website\"},\"primaryImageOfPage\":{\"@id\":\"https:\/\/bici.andreanigroup.com\/en\/prodotto\/txc2air-std-210x55-per-specialized-epic-2021-23\/#primaryimage\"},\"image\":{\"@id\":\"https:\/\/bici.andreanigroup.com\/en\/prodotto\/txc2air-std-210x55-per-specialized-epic-2021-23\/#primaryimage\"},\"thumbnailUrl\":\"https:\/\/bici.andreanigroup.com\/wp-content\/uploads\/2026\/04\/MTBM 2327E21MTBM 23213H8A9644.jpg\",\"datePublished\":\"2024-01-15T23:35:55+00:00\",\"dateModified\":\"2026-04-02T22:35:11+00:00\",\"breadcrumb\":{\"@id\":\"https:\/\/bici.andreanigroup.com\/en\/prodotto\/txc2air-std-210x55-per-specialized-epic-2021-23\/#breadcrumb\"},\"inLanguage\":\"en-US\",\"potentialAction\":[{\"@type\":\"ReadAction\",\"target\":[\"https:\/\/bici.andreanigroup.com\/en\/prodotto\/txc2air-std-210x55-per-specialized-epic-2021-23\/\"]}]},{\"@type\":\"ImageObject\",\"inLanguage\":\"en-US\",\"@id\":\"https:\/\/bici.andreanigroup.com\/en\/prodotto\/txc2air-std-210x55-per-specialized-epic-2021-23\/#primaryimage\",\"url\":\"https:\/\/bici.andreanigroup.com\/wp-content\/uploads\/2026\/04\/MTBM 2327E21MTBM 23213H8A9644.jpg\",\"contentUrl\":\"https:\/\/bici.andreanigroup.com\/wp-content\/uploads\/2026\/04\/MTBM 2327E21MTBM 23213H8A9644.jpg\",\"width\":4032,\"height\":2688},{\"@type\":\"BreadcrumbList\",\"@id\":\"https:\/\/bici.andreanigroup.com\/en\/prodotto\/txc2air-std-210x55-per-specialized-epic-2021-23\/#breadcrumb\",\"itemListElement\":[{\"@type\":\"ListItem\",\"position\":1,\"name\":\"Home\",\"item\":\"https:\/\/bici.andreanigroup.com\/en\/\"},{\"@type\":\"ListItem\",\"position\":2,\"name\":\"Shop\",\"item\":\"https:\/\/bici.andreanigroup.com\/en\/shop-2\/\"},{\"@type\":\"ListItem\",\"position\":3,\"name\":\"TXC2Air STD 265&#215;52,5 per SPECIALIZED EPIC 2021\/23\"}]},{\"@type\":\"WebSite\",\"@id\":\"https:\/\/bici.andreanigroup.com\/en\/#website\",\"url\":\"https:\/\/bici.andreanigroup.com\/en\/\",\"name\":\"Andreani bici\",\"description\":\"\",\"potentialAction\":[{\"@type\":\"SearchAction\",\"target\":{\"@type\":\"EntryPoint\",\"urlTemplate\":\"https:\/\/bici.andreanigroup.com\/en\/?s={search_term_string}\"},\"query-input\":{\"@type\":\"PropertyValueSpecification\",\"valueRequired\":true,\"valueName\":\"search_term_string\"}}],\"inLanguage\":\"en-US\"}]}<\/script>\n<!-- \/ Yoast SEO plugin. -->","yoast_head_json":{"title":"TXC2Air STD 265x52,5 per SPECIALIZED EPIC 2021\/23 - Andreani bici","robots":{"index":"index","follow":"follow","max-snippet":"max-snippet:-1","max-image-preview":"max-image-preview:large","max-video-preview":"max-video-preview:-1"},"canonical":"https:\/\/bici.andreanigroup.com\/en\/prodotto\/txc2air-std-210x55-per-specialized-epic-2021-23\/","og_locale":"en_US","og_type":"article","og_title":"TXC2Air STD 265x52,5 per SPECIALIZED EPIC 2021\/23 - Andreani bici","og_description":"Caratteristiche Idraulica ottimizzata per le gare XC con stack di spessori di serie 3 modalit\u00e0 di guida sviluppate e testate per risparmiare secondi in pista Sistema di spaziatura del volume adatto al ciclista per regolare la progressivit\u00e0 della molla pneumatica I riduttori possono essere facilmente installati per regolare la corsa Pi\u00f9 grande, pi\u00f9 versatile del [&hellip;]","og_url":"https:\/\/bici.andreanigroup.com\/en\/prodotto\/txc2air-std-210x55-per-specialized-epic-2021-23\/","og_site_name":"Andreani bici","article_modified_time":"2026-04-02T22:35:11+00:00","og_image":[{"width":4032,"height":2688,"url":"https:\/\/bici.andreanigroup.com\/wp-content\/uploads\/2026\/04\/MTBM 2327E21MTBM 23213H8A9644.jpg","type":"image\/jpeg"}],"twitter_card":"summary_large_image","schema":{"@context":"https:\/\/schema.org","@graph":[{"@type":"WebPage","@id":"https:\/\/bici.andreanigroup.com\/en\/prodotto\/txc2air-std-210x55-per-specialized-epic-2021-23\/","url":"https:\/\/bici.andreanigroup.com\/en\/prodotto\/txc2air-std-210x55-per-specialized-epic-2021-23\/","name":"TXC2Air STD 265x52,5 per SPECIALIZED EPIC 2021\/23 - Andreani bici","isPartOf":{"@id":"https:\/\/bici.andreanigroup.com\/en\/#website"},"primaryImageOfPage":{"@id":"https:\/\/bici.andreanigroup.com\/en\/prodotto\/txc2air-std-210x55-per-specialized-epic-2021-23\/#primaryimage"},"image":{"@id":"https:\/\/bici.andreanigroup.com\/en\/prodotto\/txc2air-std-210x55-per-specialized-epic-2021-23\/#primaryimage"},"thumbnailUrl":"https:\/\/bici.andreanigroup.com\/wp-content\/uploads\/2026\/04\/MTBM 2327E21MTBM 23213H8A9644.jpg","datePublished":"2024-01-15T23:35:55+00:00","dateModified":"2026-04-02T22:35:11+00:00","breadcrumb":{"@id":"https:\/\/bici.andreanigroup.com\/en\/prodotto\/txc2air-std-210x55-per-specialized-epic-2021-23\/#breadcrumb"},"inLanguage":"en-US","potentialAction":[{"@type":"ReadAction","target":["https:\/\/bici.andreanigroup.com\/en\/prodotto\/txc2air-std-210x55-per-specialized-epic-2021-23\/"]}]},{"@type":"ImageObject","inLanguage":"en-US","@id":"https:\/\/bici.andreanigroup.com\/en\/prodotto\/txc2air-std-210x55-per-specialized-epic-2021-23\/#primaryimage","url":"https:\/\/bici.andreanigroup.com\/wp-content\/uploads\/2026\/04\/MTBM 2327E21MTBM 23213H8A9644.jpg","contentUrl":"https:\/\/bici.andreanigroup.com\/wp-content\/uploads\/2026\/04\/MTBM 2327E21MTBM 23213H8A9644.jpg","width":4032,"height":2688},{"@type":"BreadcrumbList","@id":"https:\/\/bici.andreanigroup.com\/en\/prodotto\/txc2air-std-210x55-per-specialized-epic-2021-23\/#breadcrumb","itemListElement":[{"@type":"ListItem","position":1,"name":"Home","item":"https:\/\/bici.andreanigroup.com\/en\/"},{"@type":"ListItem","position":2,"name":"Shop","item":"https:\/\/bici.andreanigroup.com\/en\/shop-2\/"},{"@type":"ListItem","position":3,"name":"TXC2Air STD 265&#215;52,5 per SPECIALIZED EPIC 2021\/23"}]},{"@type":"WebSite","@id":"https:\/\/bici.andreanigroup.com\/en\/#website","url":"https:\/\/bici.andreanigroup.com\/en\/","name":"Andreani bici","description":"","potentialAction":[{"@type":"SearchAction","target":{"@type":"EntryPoint","urlTemplate":"https:\/\/bici.andreanigroup.com\/en\/?s={search_term_string}"},"query-input":{"@type":"PropertyValueSpecification","valueRequired":true,"valueName":"search_term_string"}}],"inLanguage":"en-US"}]}},"_links":{"self":[{"href":"https:\/\/bici.andreanigroup.com\/en\/wp-json\/wp\/v2\/product\/36144","targetHints":{"allow":["GET"]}}],"collection":[{"href":"https:\/\/bici.andreanigroup.com\/en\/wp-json\/wp\/v2\/product"}],"about":[{"href":"https:\/\/bici.andreanigroup.com\/en\/wp-json\/wp\/v2\/types\/product"}],"wp:featuredmedia":[{"embeddable":true,"href":"https:\/\/bici.andreanigroup.com\/en\/wp-json\/wp\/v2\/media\/54750"}],"wp:attachment":[{"href":"https:\/\/bici.andreanigroup.com\/en\/wp-json\/wp\/v2\/media?parent=36144"}],"wp:term":[{"taxonomy":"product_cat","embeddable":true,"href":"https:\/\/bici.andreanigroup.com\/en\/wp-json\/wp\/v2\/product_cat?post=36144"},{"taxonomy":"product_tag","embeddable":true,"href":"https:\/\/bici.andreanigroup.com\/en\/wp-json\/wp\/v2\/product_tag?post=36144"}],"curies":[{"name":"wp","href":"https:\/\/api.w.org\/{rel}","templated":true}]}}