{"id":37233,"date":"2024-03-07T00:35:27","date_gmt":"2024-03-06T23:35:27","guid":{"rendered":"https:\/\/bici.andreanigroup.com\/prodotto\/avalon-352-ninefold-dt-240-sp-road-12-x-100-cl-24-dt-240-sp-road-12\/"},"modified":"2024-05-08T00:40:05","modified_gmt":"2024-05-07T22:40:05","slug":"avalon-352-ninefold-dt-240-sp-road-12-x-100-cl-24-dt-240-sp-road-12","status":"publish","type":"product","link":"https:\/\/bici.andreanigroup.com\/en\/prodotto\/avalon-352-ninefold-dt-240-sp-road-12-x-100-cl-24-dt-240-sp-road-12\/","title":{"rendered":"Avalon 352 Ninefold \/ DT 240 SP ROAD 12 x 100 CL 24 \/ DT 240 SP ROAD 12  Campa N3W"},"content":{"rendered":"<div>Saltate verso nuove vette con le ruote in carbonio Avalon 352, l&#8217;epitome della leggerezza combinata con un&#8217;impareggiabile abilit\u00e0 nell&#8217;arrampicata. Realizzate in esclusiva per soddisfare le esigenze dei ciclisti su strada con l&#8217;ossessione per i set di ruote leggere, Avalon 352 trasforma ogni mountain o terreno collinare nel vostro parco giochi personale. Sentite la potenza della riduzione della gravit\u00e0 al centro della vostra corsa.<\/div>\n<div>&nbsp;<\/div>\n<div>&nbsp;&nbsp;&nbsp;&nbsp;Peso straordinariamente ridotto, che garantisce un vantaggio impressionante nelle iniziative di arrampicata.<\/div>\n<div>&nbsp;&nbsp;&nbsp;&nbsp;Disponibile nelle versioni 9th Wave e feather-light. Ninefold versione leggera.<\/div>\n<div>&nbsp;&nbsp;&nbsp;&nbsp;La larghezza interna di 22 mm ed esterna di 28-29 mm rappresenta il perfetto equilibrio tra comfort e ridotta resistenza al rotolamento.<\/div>\n<div>&nbsp;&nbsp;&nbsp;&nbsp;Hookless, cerchi tubeless pronti per l&#8217;uso con o senza camera d&#8217;aria.<\/div>\n<div>&nbsp;&nbsp;&nbsp;&nbsp;Pneumatici ottimizzati dal punto di vista aerodinamico tra i 26 e i 28 mm, per tagliare il vento contrario.<\/div>\n<div>&nbsp;&nbsp;&nbsp;&nbsp;Accoglie facilmente pneumatici pi\u00f9 larghi (fino a 32 mm), per un controllo e un comfort raffinati.<\/div>\n<div>&nbsp;&nbsp;&nbsp;&nbsp;Facile configurazione tubeless con nastro per cerchi e valvole gi\u00e0 installate.<\/div>\n<div>&nbsp;&nbsp;&nbsp;&nbsp;Design asimmetrico del cerchio per una tensione dei raggi uniformemente distribuita e una durata della ruota senza pari.<\/div>\n<div>&nbsp;&nbsp;&nbsp;&nbsp;Opzioni di mozzo personalizzabili disponibili in DT Swiss 350, 240 o 180 EXP, leggeri ma affidabili.<\/div>\n<div>&nbsp;<\/div>\n<div>Le ruote Avalon 352 Carbon sono state progettate per offrire non solo un impressionante vantaggio in termini di peso, ma anche un&#8217;emozionante connessione viscerale con il viaggio in salita. Il loro design innovativo garantisce prestazioni eccezionali, sia che si tratti di affrontare tornanti o salite ripide.<\/div>\n<div>&nbsp;<\/div>\n<div>La generosa larghezza interna di 22 mm garantisce un comfort totale, riducendo al contempo la resistenza al rotolamento per una salita pi\u00f9 fluida. Grazie alla possibilit\u00e0 di montare pneumatici pi\u00f9 larghi, si ottiene una trazione e un comfort superiori anche sulle strade pi\u00f9 accidentate o nelle discese pi\u00f9 difficili.<\/div>\n<div>&nbsp;<\/div>\n<div>Gear experience la gioia della riduzione con le ruote 352 Carbon Wheels. Avalon<\/div>\n<div>&nbsp;<\/div>\n<div>Peso della coppia: 1255 gr. <\/div>\n","protected":false},"excerpt":{"rendered":"<p>Saltate verso nuove vette con le ruote in carbonio Avalon 352, l&#8217;epitome della leggerezza combinata con un&#8217;impareggiabile abilit\u00e0 nell&#8217;arrampicata. Realizzate in esclusiva per soddisfare le esigenze dei ciclisti su strada con l&#8217;ossessione per i set di ruote leggere, Avalon 352 trasforma ogni mountain o terreno collinare nel vostro parco giochi personale. Sentite la potenza della [&hellip;]<\/p>\n","protected":false},"featured_media":40905,"template":"","meta":{"inline_featured_image":false},"product_cat":[75],"product_tag":[83],"class_list":{"0":"post-37233","1":"product","2":"type-product","3":"status-publish","4":"has-post-thumbnail","6":"product_brand-9th-wave","7":"product_cat-ruote","8":"product_tag-9th-wave","10":"first","11":"instock","12":"taxable","13":"shipping-taxable","14":"purchasable","15":"product-type-simple"},"yoast_head":"<!-- This site is optimized with the Yoast SEO plugin v27.0 - https:\/\/yoast.com\/product\/yoast-seo-wordpress\/ -->\n<title>Avalon 352 Ninefold \/ DT 240 SP ROAD 12 x 100 CL 24 \/ DT 240 SP ROAD 12 Campa N3W - Andreani bici<\/title>\n<meta name=\"robots\" content=\"index, follow, max-snippet:-1, max-image-preview:large, max-video-preview:-1\" \/>\n<link rel=\"canonical\" href=\"https:\/\/bici.andreanigroup.com\/en\/prodotto\/avalon-352-ninefold-dt-240-sp-road-12-x-100-cl-24-dt-240-sp-road-12\/\" \/>\n<meta property=\"og:locale\" content=\"en_US\" \/>\n<meta property=\"og:type\" content=\"article\" \/>\n<meta property=\"og:title\" content=\"Avalon 352 Ninefold \/ DT 240 SP ROAD 12 x 100 CL 24 \/ DT 240 SP ROAD 12 Campa N3W - Andreani bici\" \/>\n<meta property=\"og:description\" content=\"Saltate verso nuove vette con le ruote in carbonio Avalon 352, l&#8217;epitome della leggerezza combinata con un&#8217;impareggiabile abilit\u00e0 nell&#8217;arrampicata. Realizzate in esclusiva per soddisfare le esigenze dei ciclisti su strada con l&#8217;ossessione per i set di ruote leggere, Avalon 352 trasforma ogni mountain o terreno collinare nel vostro parco giochi personale. Sentite la potenza della [&hellip;]\" \/>\n<meta property=\"og:url\" content=\"https:\/\/bici.andreanigroup.com\/en\/prodotto\/avalon-352-ninefold-dt-240-sp-road-12-x-100-cl-24-dt-240-sp-road-12\/\" \/>\n<meta property=\"og:site_name\" content=\"Andreani bici\" \/>\n<meta property=\"article:modified_time\" content=\"2024-05-07T22:40:05+00:00\" \/>\n<meta property=\"og:image\" content=\"https:\/\/bici.andreanigroup.com\/wp-content\/uploads\/2024\/05\/15.K0322Ninefold-Avalon-352-Set-B-PhotoRoom-1536x1536.jpg\" \/>\n\t<meta property=\"og:image:width\" content=\"1536\" \/>\n\t<meta property=\"og:image:height\" content=\"1536\" \/>\n\t<meta property=\"og:image:type\" content=\"image\/jpeg\" \/>\n<meta name=\"twitter:card\" content=\"summary_large_image\" \/>\n<meta name=\"twitter:label1\" content=\"Est. reading time\" \/>\n\t<meta name=\"twitter:data1\" content=\"2 minutes\" \/>\n<script type=\"application\/ld+json\" class=\"yoast-schema-graph\">{\"@context\":\"https:\/\/schema.org\",\"@graph\":[{\"@type\":\"WebPage\",\"@id\":\"https:\/\/bici.andreanigroup.com\/en\/prodotto\/avalon-352-ninefold-dt-240-sp-road-12-x-100-cl-24-dt-240-sp-road-12\/\",\"url\":\"https:\/\/bici.andreanigroup.com\/en\/prodotto\/avalon-352-ninefold-dt-240-sp-road-12-x-100-cl-24-dt-240-sp-road-12\/\",\"name\":\"Avalon 352 Ninefold \/ DT 240 SP ROAD 12 x 100 CL 24 \/ DT 240 SP ROAD 12 Campa N3W - Andreani bici\",\"isPartOf\":{\"@id\":\"https:\/\/bici.andreanigroup.com\/en\/#website\"},\"primaryImageOfPage\":{\"@id\":\"https:\/\/bici.andreanigroup.com\/en\/prodotto\/avalon-352-ninefold-dt-240-sp-road-12-x-100-cl-24-dt-240-sp-road-12\/#primaryimage\"},\"image\":{\"@id\":\"https:\/\/bici.andreanigroup.com\/en\/prodotto\/avalon-352-ninefold-dt-240-sp-road-12-x-100-cl-24-dt-240-sp-road-12\/#primaryimage\"},\"thumbnailUrl\":\"https:\/\/bici.andreanigroup.com\/wp-content\/uploads\/2024\/05\/15.K0322Ninefold-Avalon-352-Set-B-PhotoRoom-1536x1536.jpg\",\"datePublished\":\"2024-03-06T23:35:27+00:00\",\"dateModified\":\"2024-05-07T22:40:05+00:00\",\"breadcrumb\":{\"@id\":\"https:\/\/bici.andreanigroup.com\/en\/prodotto\/avalon-352-ninefold-dt-240-sp-road-12-x-100-cl-24-dt-240-sp-road-12\/#breadcrumb\"},\"inLanguage\":\"en-US\",\"potentialAction\":[{\"@type\":\"ReadAction\",\"target\":[\"https:\/\/bici.andreanigroup.com\/en\/prodotto\/avalon-352-ninefold-dt-240-sp-road-12-x-100-cl-24-dt-240-sp-road-12\/\"]}]},{\"@type\":\"ImageObject\",\"inLanguage\":\"en-US\",\"@id\":\"https:\/\/bici.andreanigroup.com\/en\/prodotto\/avalon-352-ninefold-dt-240-sp-road-12-x-100-cl-24-dt-240-sp-road-12\/#primaryimage\",\"url\":\"https:\/\/bici.andreanigroup.com\/wp-content\/uploads\/2024\/05\/15.K0322Ninefold-Avalon-352-Set-B-PhotoRoom-1536x1536.jpg\",\"contentUrl\":\"https:\/\/bici.andreanigroup.com\/wp-content\/uploads\/2024\/05\/15.K0322Ninefold-Avalon-352-Set-B-PhotoRoom-1536x1536.jpg\",\"width\":1536,\"height\":1536},{\"@type\":\"BreadcrumbList\",\"@id\":\"https:\/\/bici.andreanigroup.com\/en\/prodotto\/avalon-352-ninefold-dt-240-sp-road-12-x-100-cl-24-dt-240-sp-road-12\/#breadcrumb\",\"itemListElement\":[{\"@type\":\"ListItem\",\"position\":1,\"name\":\"Home\",\"item\":\"https:\/\/bici.andreanigroup.com\/en\/\"},{\"@type\":\"ListItem\",\"position\":2,\"name\":\"Shop\",\"item\":\"https:\/\/bici.andreanigroup.com\/en\/shop-2\/\"},{\"@type\":\"ListItem\",\"position\":3,\"name\":\"Avalon 352 Ninefold \/ DT 240 SP ROAD 12 x 100 CL 24 \/ DT 240 SP ROAD 12 Campa N3W\"}]},{\"@type\":\"WebSite\",\"@id\":\"https:\/\/bici.andreanigroup.com\/en\/#website\",\"url\":\"https:\/\/bici.andreanigroup.com\/en\/\",\"name\":\"Andreani bici\",\"description\":\"\",\"potentialAction\":[{\"@type\":\"SearchAction\",\"target\":{\"@type\":\"EntryPoint\",\"urlTemplate\":\"https:\/\/bici.andreanigroup.com\/en\/?s={search_term_string}\"},\"query-input\":{\"@type\":\"PropertyValueSpecification\",\"valueRequired\":true,\"valueName\":\"search_term_string\"}}],\"inLanguage\":\"en-US\"}]}<\/script>\n<!-- \/ Yoast SEO plugin. -->","yoast_head_json":{"title":"Avalon 352 Ninefold \/ DT 240 SP ROAD 12 x 100 CL 24 \/ DT 240 SP ROAD 12 Campa N3W - Andreani bici","robots":{"index":"index","follow":"follow","max-snippet":"max-snippet:-1","max-image-preview":"max-image-preview:large","max-video-preview":"max-video-preview:-1"},"canonical":"https:\/\/bici.andreanigroup.com\/en\/prodotto\/avalon-352-ninefold-dt-240-sp-road-12-x-100-cl-24-dt-240-sp-road-12\/","og_locale":"en_US","og_type":"article","og_title":"Avalon 352 Ninefold \/ DT 240 SP ROAD 12 x 100 CL 24 \/ DT 240 SP ROAD 12 Campa N3W - Andreani bici","og_description":"Saltate verso nuove vette con le ruote in carbonio Avalon 352, l&#8217;epitome della leggerezza combinata con un&#8217;impareggiabile abilit\u00e0 nell&#8217;arrampicata. Realizzate in esclusiva per soddisfare le esigenze dei ciclisti su strada con l&#8217;ossessione per i set di ruote leggere, Avalon 352 trasforma ogni mountain o terreno collinare nel vostro parco giochi personale. Sentite la potenza della [&hellip;]","og_url":"https:\/\/bici.andreanigroup.com\/en\/prodotto\/avalon-352-ninefold-dt-240-sp-road-12-x-100-cl-24-dt-240-sp-road-12\/","og_site_name":"Andreani bici","article_modified_time":"2024-05-07T22:40:05+00:00","og_image":[{"width":1536,"height":1536,"url":"https:\/\/bici.andreanigroup.com\/wp-content\/uploads\/2024\/05\/15.K0322Ninefold-Avalon-352-Set-B-PhotoRoom-1536x1536.jpg","type":"image\/jpeg"}],"twitter_card":"summary_large_image","twitter_misc":{"Est. reading time":"2 minutes"},"schema":{"@context":"https:\/\/schema.org","@graph":[{"@type":"WebPage","@id":"https:\/\/bici.andreanigroup.com\/en\/prodotto\/avalon-352-ninefold-dt-240-sp-road-12-x-100-cl-24-dt-240-sp-road-12\/","url":"https:\/\/bici.andreanigroup.com\/en\/prodotto\/avalon-352-ninefold-dt-240-sp-road-12-x-100-cl-24-dt-240-sp-road-12\/","name":"Avalon 352 Ninefold \/ DT 240 SP ROAD 12 x 100 CL 24 \/ DT 240 SP ROAD 12 Campa N3W - Andreani bici","isPartOf":{"@id":"https:\/\/bici.andreanigroup.com\/en\/#website"},"primaryImageOfPage":{"@id":"https:\/\/bici.andreanigroup.com\/en\/prodotto\/avalon-352-ninefold-dt-240-sp-road-12-x-100-cl-24-dt-240-sp-road-12\/#primaryimage"},"image":{"@id":"https:\/\/bici.andreanigroup.com\/en\/prodotto\/avalon-352-ninefold-dt-240-sp-road-12-x-100-cl-24-dt-240-sp-road-12\/#primaryimage"},"thumbnailUrl":"https:\/\/bici.andreanigroup.com\/wp-content\/uploads\/2024\/05\/15.K0322Ninefold-Avalon-352-Set-B-PhotoRoom-1536x1536.jpg","datePublished":"2024-03-06T23:35:27+00:00","dateModified":"2024-05-07T22:40:05+00:00","breadcrumb":{"@id":"https:\/\/bici.andreanigroup.com\/en\/prodotto\/avalon-352-ninefold-dt-240-sp-road-12-x-100-cl-24-dt-240-sp-road-12\/#breadcrumb"},"inLanguage":"en-US","potentialAction":[{"@type":"ReadAction","target":["https:\/\/bici.andreanigroup.com\/en\/prodotto\/avalon-352-ninefold-dt-240-sp-road-12-x-100-cl-24-dt-240-sp-road-12\/"]}]},{"@type":"ImageObject","inLanguage":"en-US","@id":"https:\/\/bici.andreanigroup.com\/en\/prodotto\/avalon-352-ninefold-dt-240-sp-road-12-x-100-cl-24-dt-240-sp-road-12\/#primaryimage","url":"https:\/\/bici.andreanigroup.com\/wp-content\/uploads\/2024\/05\/15.K0322Ninefold-Avalon-352-Set-B-PhotoRoom-1536x1536.jpg","contentUrl":"https:\/\/bici.andreanigroup.com\/wp-content\/uploads\/2024\/05\/15.K0322Ninefold-Avalon-352-Set-B-PhotoRoom-1536x1536.jpg","width":1536,"height":1536},{"@type":"BreadcrumbList","@id":"https:\/\/bici.andreanigroup.com\/en\/prodotto\/avalon-352-ninefold-dt-240-sp-road-12-x-100-cl-24-dt-240-sp-road-12\/#breadcrumb","itemListElement":[{"@type":"ListItem","position":1,"name":"Home","item":"https:\/\/bici.andreanigroup.com\/en\/"},{"@type":"ListItem","position":2,"name":"Shop","item":"https:\/\/bici.andreanigroup.com\/en\/shop-2\/"},{"@type":"ListItem","position":3,"name":"Avalon 352 Ninefold \/ DT 240 SP ROAD 12 x 100 CL 24 \/ DT 240 SP ROAD 12 Campa N3W"}]},{"@type":"WebSite","@id":"https:\/\/bici.andreanigroup.com\/en\/#website","url":"https:\/\/bici.andreanigroup.com\/en\/","name":"Andreani bici","description":"","potentialAction":[{"@type":"SearchAction","target":{"@type":"EntryPoint","urlTemplate":"https:\/\/bici.andreanigroup.com\/en\/?s={search_term_string}"},"query-input":{"@type":"PropertyValueSpecification","valueRequired":true,"valueName":"search_term_string"}}],"inLanguage":"en-US"}]}},"_links":{"self":[{"href":"https:\/\/bici.andreanigroup.com\/en\/wp-json\/wp\/v2\/product\/37233","targetHints":{"allow":["GET"]}}],"collection":[{"href":"https:\/\/bici.andreanigroup.com\/en\/wp-json\/wp\/v2\/product"}],"about":[{"href":"https:\/\/bici.andreanigroup.com\/en\/wp-json\/wp\/v2\/types\/product"}],"wp:featuredmedia":[{"embeddable":true,"href":"https:\/\/bici.andreanigroup.com\/en\/wp-json\/wp\/v2\/media\/40905"}],"wp:attachment":[{"href":"https:\/\/bici.andreanigroup.com\/en\/wp-json\/wp\/v2\/media?parent=37233"}],"wp:term":[{"taxonomy":"product_cat","embeddable":true,"href":"https:\/\/bici.andreanigroup.com\/en\/wp-json\/wp\/v2\/product_cat?post=37233"},{"taxonomy":"product_tag","embeddable":true,"href":"https:\/\/bici.andreanigroup.com\/en\/wp-json\/wp\/v2\/product_tag?post=37233"}],"curies":[{"name":"wp","href":"https:\/\/api.w.org\/{rel}","templated":true}]}}