{"id":37241,"date":"2024-03-07T00:35:29","date_gmt":"2024-03-06T23:35:29","guid":{"rendered":"https:\/\/bici.andreanigroup.com\/prodotto\/avalon-502-ninefold-dt-240-sp-road-12-x-100-cl-24-dt-240-sp-road-12\/"},"modified":"2025-05-21T00:35:03","modified_gmt":"2025-05-20T22:35:03","slug":"avalon-502-ninefold-dt-240-sp-road-12-x-100-cl-24-dt-240-sp-road-12","status":"publish","type":"product","link":"https:\/\/bici.andreanigroup.com\/en\/prodotto\/avalon-502-ninefold-dt-240-sp-road-12-x-100-cl-24-dt-240-sp-road-12\/","title":{"rendered":"Avalon 502 Ninefold \/ DT 240 SP ROAD 12 x 100 CL 24 \/ DT 240 SP ROAD 12 Campa N3W"},"content":{"rendered":"<div>Per i ciclisti appassionati che desiderano un&#8217;efficienza aerodinamica e leggera, le ruote Avalon 502 Carbon sono la scelta definitiva. Queste ruote scivolano senza sforzo su qualsiasi strada asfaltata, dai percorsi pianeggianti per gli sprint alle tappe ripide di mountain , perfette sia per i criterium che per le gran fondo.<\/div>\n<div>&nbsp;<\/div>\n<div>&nbsp;&nbsp;&nbsp;&nbsp;Ruote Aero da 50 mm: Offrono una notevole velocit\u00e0 e un peso ultraleggero, disponibili nelle edizioni 9th Wave e in edizione leggera Ninefold .<\/div>\n<div>&nbsp;&nbsp;&nbsp;&nbsp;Larghezza del cerchio generosa: 22 mm all&#8217;interno e 28 mm all&#8217;esterno per una guida confortevole con una resistenza al rotolamento minima.<\/div>\n<div>&nbsp;&nbsp;&nbsp;&nbsp;Flessibilit\u00e0: Disponibile come set di ruote set di ruote da abbinare per una combinazione Avalon 352\/502 o 502\/652.<\/div>\n<div>&nbsp;&nbsp;&nbsp;&nbsp;Versatilit\u00e0: i cerchi Hookless per pneumatici tubeless possono essere utilizzati con o senza camera d&#8217;aria.<\/div>\n<div>&nbsp;&nbsp;&nbsp;&nbsp;Facile da installare: Il nastro del cerchio e le valvole sono preinstallati per una facile installazione tubeless .<\/div>\n<div>&nbsp;&nbsp;&nbsp;&nbsp;Variet\u00e0: Ottieni con DT Swiss 350, 240, 180 EXP, oppure per Classified Powershift.<\/div>\n<div>&nbsp;&nbsp;&nbsp;&nbsp;Qualit\u00e0: I cerchi asimmetrici consentono di costruire ruote con un&#8217;uguale tensione dei raggi, ottenendo cos\u00ec ruote di alta qualit\u00e0.<\/div>\n<div>&nbsp;<\/div>\n<div>Le ruote in carbonio Avalon 502 stabiliscono lo standard in termini di prestazioni e durata. I loro cerchi aerodinamici e leggeri da 50 mm e il design hookless per i pneumatici tubeless rendono queste ruote una svolta per i ciclisti pi\u00f9 accaniti. Abbinati a mozzi di qualit\u00e0, i loro cerchi larghi garantiscono una guida confortevole, aprendo la strada a una resistenza al rotolamento minima e a una stabilit\u00e0 incrollabile.<\/div>\n<div>&nbsp;<\/div>\n<div>Sia che stiate percorrendo un percorso liscio e pianeggiante o una tappa impegnativa su mountain , le ruote Avalon 502 Carbon Wheels eleveranno il vostro experience a nuove vette. Dominate la vostra corsa con le ruote Avalon 502 Carbon, straordinariamente versatili e ben progettate.<\/div>\n<div>&nbsp;<\/div>\n<div>Peso della coppia: 1415 gr. <\/div>\n","protected":false},"excerpt":{"rendered":"<p>Per i ciclisti appassionati che desiderano un&#8217;efficienza aerodinamica e leggera, le ruote Avalon 502 Carbon sono la scelta definitiva. Queste ruote scivolano senza sforzo su qualsiasi strada asfaltata, dai percorsi pianeggianti per gli sprint alle tappe ripide di mountain , perfette sia per i criterium che per le gran fondo. &nbsp; &nbsp;&nbsp;&nbsp;&nbsp;Ruote Aero da 50 [&hellip;]<\/p>\n","protected":false},"featured_media":47789,"template":"","meta":{"inline_featured_image":false},"product_cat":[75],"product_tag":[83],"class_list":{"0":"post-37241","1":"product","2":"type-product","3":"status-publish","4":"has-post-thumbnail","6":"product_brand-9th-wave","7":"product_cat-ruote","8":"product_tag-9th-wave","10":"first","11":"instock","12":"taxable","13":"shipping-taxable","14":"purchasable","15":"product-type-simple"},"yoast_head":"<!-- This site is optimized with the Yoast SEO plugin v27.0 - https:\/\/yoast.com\/product\/yoast-seo-wordpress\/ -->\n<title>Avalon 502 Ninefold \/ DT 240 SP ROAD 12 x 100 CL 24 \/ DT 240 SP ROAD 12 Campa N3W - Andreani bici<\/title>\n<meta name=\"robots\" content=\"index, follow, max-snippet:-1, max-image-preview:large, max-video-preview:-1\" \/>\n<link rel=\"canonical\" href=\"https:\/\/bici.andreanigroup.com\/en\/prodotto\/avalon-502-ninefold-dt-240-sp-road-12-x-100-cl-24-dt-240-sp-road-12\/\" \/>\n<meta property=\"og:locale\" content=\"en_US\" \/>\n<meta property=\"og:type\" content=\"article\" \/>\n<meta property=\"og:title\" content=\"Avalon 502 Ninefold \/ DT 240 SP ROAD 12 x 100 CL 24 \/ DT 240 SP ROAD 12 Campa N3W - Andreani bici\" \/>\n<meta property=\"og:description\" content=\"Per i ciclisti appassionati che desiderano un&#8217;efficienza aerodinamica e leggera, le ruote Avalon 502 Carbon sono la scelta definitiva. Queste ruote scivolano senza sforzo su qualsiasi strada asfaltata, dai percorsi pianeggianti per gli sprint alle tappe ripide di mountain , perfette sia per i criterium che per le gran fondo. &nbsp; &nbsp;&nbsp;&nbsp;&nbsp;Ruote Aero da 50 [&hellip;]\" \/>\n<meta property=\"og:url\" content=\"https:\/\/bici.andreanigroup.com\/en\/prodotto\/avalon-502-ninefold-dt-240-sp-road-12-x-100-cl-24-dt-240-sp-road-12\/\" \/>\n<meta property=\"og:site_name\" content=\"Andreani bici\" \/>\n<meta property=\"article:modified_time\" content=\"2025-05-20T22:35:03+00:00\" \/>\n<meta property=\"og:image\" content=\"https:\/\/bici.andreanigroup.com\/wp-content\/uploads\/2024\/05\/15.K03279th-Wave-Avalon-502-Wheels-1536x1536.jpg\" \/>\n\t<meta property=\"og:image:width\" content=\"1536\" \/>\n\t<meta property=\"og:image:height\" content=\"1536\" \/>\n\t<meta property=\"og:image:type\" content=\"image\/jpeg\" \/>\n<meta name=\"twitter:card\" content=\"summary_large_image\" \/>\n<meta name=\"twitter:label1\" content=\"Est. reading time\" \/>\n\t<meta name=\"twitter:data1\" content=\"2 minutes\" \/>\n<script type=\"application\/ld+json\" class=\"yoast-schema-graph\">{\"@context\":\"https:\/\/schema.org\",\"@graph\":[{\"@type\":\"WebPage\",\"@id\":\"https:\/\/bici.andreanigroup.com\/en\/prodotto\/avalon-502-ninefold-dt-240-sp-road-12-x-100-cl-24-dt-240-sp-road-12\/\",\"url\":\"https:\/\/bici.andreanigroup.com\/en\/prodotto\/avalon-502-ninefold-dt-240-sp-road-12-x-100-cl-24-dt-240-sp-road-12\/\",\"name\":\"Avalon 502 Ninefold \/ DT 240 SP ROAD 12 x 100 CL 24 \/ DT 240 SP ROAD 12 Campa N3W - Andreani bici\",\"isPartOf\":{\"@id\":\"https:\/\/bici.andreanigroup.com\/en\/#website\"},\"primaryImageOfPage\":{\"@id\":\"https:\/\/bici.andreanigroup.com\/en\/prodotto\/avalon-502-ninefold-dt-240-sp-road-12-x-100-cl-24-dt-240-sp-road-12\/#primaryimage\"},\"image\":{\"@id\":\"https:\/\/bici.andreanigroup.com\/en\/prodotto\/avalon-502-ninefold-dt-240-sp-road-12-x-100-cl-24-dt-240-sp-road-12\/#primaryimage\"},\"thumbnailUrl\":\"https:\/\/bici.andreanigroup.com\/wp-content\/uploads\/2025\/05\/15.K03279th-Wave-Avalon-502-Wheels-1536x1536.jpg\",\"datePublished\":\"2024-03-06T23:35:29+00:00\",\"dateModified\":\"2025-05-20T22:35:03+00:00\",\"breadcrumb\":{\"@id\":\"https:\/\/bici.andreanigroup.com\/en\/prodotto\/avalon-502-ninefold-dt-240-sp-road-12-x-100-cl-24-dt-240-sp-road-12\/#breadcrumb\"},\"inLanguage\":\"en-US\",\"potentialAction\":[{\"@type\":\"ReadAction\",\"target\":[\"https:\/\/bici.andreanigroup.com\/en\/prodotto\/avalon-502-ninefold-dt-240-sp-road-12-x-100-cl-24-dt-240-sp-road-12\/\"]}]},{\"@type\":\"ImageObject\",\"inLanguage\":\"en-US\",\"@id\":\"https:\/\/bici.andreanigroup.com\/en\/prodotto\/avalon-502-ninefold-dt-240-sp-road-12-x-100-cl-24-dt-240-sp-road-12\/#primaryimage\",\"url\":\"https:\/\/bici.andreanigroup.com\/wp-content\/uploads\/2025\/05\/15.K03279th-Wave-Avalon-502-Wheels-1536x1536.jpg\",\"contentUrl\":\"https:\/\/bici.andreanigroup.com\/wp-content\/uploads\/2025\/05\/15.K03279th-Wave-Avalon-502-Wheels-1536x1536.jpg\",\"width\":1536,\"height\":1536},{\"@type\":\"BreadcrumbList\",\"@id\":\"https:\/\/bici.andreanigroup.com\/en\/prodotto\/avalon-502-ninefold-dt-240-sp-road-12-x-100-cl-24-dt-240-sp-road-12\/#breadcrumb\",\"itemListElement\":[{\"@type\":\"ListItem\",\"position\":1,\"name\":\"Home\",\"item\":\"https:\/\/bici.andreanigroup.com\/en\/\"},{\"@type\":\"ListItem\",\"position\":2,\"name\":\"Shop\",\"item\":\"https:\/\/bici.andreanigroup.com\/en\/shop-2\/\"},{\"@type\":\"ListItem\",\"position\":3,\"name\":\"Avalon 502 Ninefold \/ DT 240 SP ROAD 12 x 100 CL 24 \/ DT 240 SP ROAD 12 Campa N3W\"}]},{\"@type\":\"WebSite\",\"@id\":\"https:\/\/bici.andreanigroup.com\/en\/#website\",\"url\":\"https:\/\/bici.andreanigroup.com\/en\/\",\"name\":\"Andreani bici\",\"description\":\"\",\"potentialAction\":[{\"@type\":\"SearchAction\",\"target\":{\"@type\":\"EntryPoint\",\"urlTemplate\":\"https:\/\/bici.andreanigroup.com\/en\/?s={search_term_string}\"},\"query-input\":{\"@type\":\"PropertyValueSpecification\",\"valueRequired\":true,\"valueName\":\"search_term_string\"}}],\"inLanguage\":\"en-US\"}]}<\/script>\n<!-- \/ Yoast SEO plugin. -->","yoast_head_json":{"title":"Avalon 502 Ninefold \/ DT 240 SP ROAD 12 x 100 CL 24 \/ DT 240 SP ROAD 12 Campa N3W - Andreani bici","robots":{"index":"index","follow":"follow","max-snippet":"max-snippet:-1","max-image-preview":"max-image-preview:large","max-video-preview":"max-video-preview:-1"},"canonical":"https:\/\/bici.andreanigroup.com\/en\/prodotto\/avalon-502-ninefold-dt-240-sp-road-12-x-100-cl-24-dt-240-sp-road-12\/","og_locale":"en_US","og_type":"article","og_title":"Avalon 502 Ninefold \/ DT 240 SP ROAD 12 x 100 CL 24 \/ DT 240 SP ROAD 12 Campa N3W - Andreani bici","og_description":"Per i ciclisti appassionati che desiderano un&#8217;efficienza aerodinamica e leggera, le ruote Avalon 502 Carbon sono la scelta definitiva. Queste ruote scivolano senza sforzo su qualsiasi strada asfaltata, dai percorsi pianeggianti per gli sprint alle tappe ripide di mountain , perfette sia per i criterium che per le gran fondo. &nbsp; &nbsp;&nbsp;&nbsp;&nbsp;Ruote Aero da 50 [&hellip;]","og_url":"https:\/\/bici.andreanigroup.com\/en\/prodotto\/avalon-502-ninefold-dt-240-sp-road-12-x-100-cl-24-dt-240-sp-road-12\/","og_site_name":"Andreani bici","article_modified_time":"2025-05-20T22:35:03+00:00","og_image":[{"width":1536,"height":1536,"url":"https:\/\/bici.andreanigroup.com\/wp-content\/uploads\/2024\/05\/15.K03279th-Wave-Avalon-502-Wheels-1536x1536.jpg","type":"image\/jpeg"}],"twitter_card":"summary_large_image","twitter_misc":{"Est. reading time":"2 minutes"},"schema":{"@context":"https:\/\/schema.org","@graph":[{"@type":"WebPage","@id":"https:\/\/bici.andreanigroup.com\/en\/prodotto\/avalon-502-ninefold-dt-240-sp-road-12-x-100-cl-24-dt-240-sp-road-12\/","url":"https:\/\/bici.andreanigroup.com\/en\/prodotto\/avalon-502-ninefold-dt-240-sp-road-12-x-100-cl-24-dt-240-sp-road-12\/","name":"Avalon 502 Ninefold \/ DT 240 SP ROAD 12 x 100 CL 24 \/ DT 240 SP ROAD 12 Campa N3W - Andreani bici","isPartOf":{"@id":"https:\/\/bici.andreanigroup.com\/en\/#website"},"primaryImageOfPage":{"@id":"https:\/\/bici.andreanigroup.com\/en\/prodotto\/avalon-502-ninefold-dt-240-sp-road-12-x-100-cl-24-dt-240-sp-road-12\/#primaryimage"},"image":{"@id":"https:\/\/bici.andreanigroup.com\/en\/prodotto\/avalon-502-ninefold-dt-240-sp-road-12-x-100-cl-24-dt-240-sp-road-12\/#primaryimage"},"thumbnailUrl":"https:\/\/bici.andreanigroup.com\/wp-content\/uploads\/2025\/05\/15.K03279th-Wave-Avalon-502-Wheels-1536x1536.jpg","datePublished":"2024-03-06T23:35:29+00:00","dateModified":"2025-05-20T22:35:03+00:00","breadcrumb":{"@id":"https:\/\/bici.andreanigroup.com\/en\/prodotto\/avalon-502-ninefold-dt-240-sp-road-12-x-100-cl-24-dt-240-sp-road-12\/#breadcrumb"},"inLanguage":"en-US","potentialAction":[{"@type":"ReadAction","target":["https:\/\/bici.andreanigroup.com\/en\/prodotto\/avalon-502-ninefold-dt-240-sp-road-12-x-100-cl-24-dt-240-sp-road-12\/"]}]},{"@type":"ImageObject","inLanguage":"en-US","@id":"https:\/\/bici.andreanigroup.com\/en\/prodotto\/avalon-502-ninefold-dt-240-sp-road-12-x-100-cl-24-dt-240-sp-road-12\/#primaryimage","url":"https:\/\/bici.andreanigroup.com\/wp-content\/uploads\/2025\/05\/15.K03279th-Wave-Avalon-502-Wheels-1536x1536.jpg","contentUrl":"https:\/\/bici.andreanigroup.com\/wp-content\/uploads\/2025\/05\/15.K03279th-Wave-Avalon-502-Wheels-1536x1536.jpg","width":1536,"height":1536},{"@type":"BreadcrumbList","@id":"https:\/\/bici.andreanigroup.com\/en\/prodotto\/avalon-502-ninefold-dt-240-sp-road-12-x-100-cl-24-dt-240-sp-road-12\/#breadcrumb","itemListElement":[{"@type":"ListItem","position":1,"name":"Home","item":"https:\/\/bici.andreanigroup.com\/en\/"},{"@type":"ListItem","position":2,"name":"Shop","item":"https:\/\/bici.andreanigroup.com\/en\/shop-2\/"},{"@type":"ListItem","position":3,"name":"Avalon 502 Ninefold \/ DT 240 SP ROAD 12 x 100 CL 24 \/ DT 240 SP ROAD 12 Campa N3W"}]},{"@type":"WebSite","@id":"https:\/\/bici.andreanigroup.com\/en\/#website","url":"https:\/\/bici.andreanigroup.com\/en\/","name":"Andreani bici","description":"","potentialAction":[{"@type":"SearchAction","target":{"@type":"EntryPoint","urlTemplate":"https:\/\/bici.andreanigroup.com\/en\/?s={search_term_string}"},"query-input":{"@type":"PropertyValueSpecification","valueRequired":true,"valueName":"search_term_string"}}],"inLanguage":"en-US"}]}},"_links":{"self":[{"href":"https:\/\/bici.andreanigroup.com\/en\/wp-json\/wp\/v2\/product\/37241","targetHints":{"allow":["GET"]}}],"collection":[{"href":"https:\/\/bici.andreanigroup.com\/en\/wp-json\/wp\/v2\/product"}],"about":[{"href":"https:\/\/bici.andreanigroup.com\/en\/wp-json\/wp\/v2\/types\/product"}],"wp:featuredmedia":[{"embeddable":true,"href":"https:\/\/bici.andreanigroup.com\/en\/wp-json\/wp\/v2\/media\/47789"}],"wp:attachment":[{"href":"https:\/\/bici.andreanigroup.com\/en\/wp-json\/wp\/v2\/media?parent=37241"}],"wp:term":[{"taxonomy":"product_cat","embeddable":true,"href":"https:\/\/bici.andreanigroup.com\/en\/wp-json\/wp\/v2\/product_cat?post=37241"},{"taxonomy":"product_tag","embeddable":true,"href":"https:\/\/bici.andreanigroup.com\/en\/wp-json\/wp\/v2\/product_tag?post=37241"}],"curies":[{"name":"wp","href":"https:\/\/api.w.org\/{rel}","templated":true}]}}