{"id":40951,"date":"2024-05-02T12:51:28","date_gmt":"2024-05-02T10:51:28","guid":{"rendered":"https:\/\/bici.andreanigroup.com\/prodotto\/supermousse-pac-evo-hd-29\/"},"modified":"2026-01-03T00:40:10","modified_gmt":"2026-01-02T23:40:10","slug":"supermousse-pac-evo-hd-29","status":"publish","type":"product","link":"https:\/\/bici.andreanigroup.com\/en\/prodotto\/supermousse-pac-evo-hd-29\/","title":{"rendered":"&#8220;SUPERMOUSSE PAC EVO HD &#8211; 29&#8221;"},"content":{"rendered":"<div><font face=\"Arial\" color=\"black\">PAC EVO HD \u00e8 stata sviluppata con uno speciale layout che si adatta perfettamente alla sezione del canale e pneumatico, permettendo una pi\u00f9 agevole installazione e miglior performance.<\/font><\/div>\n<div>&nbsp;<\/div>\n<div><font face=\"Arial\" color=\"black\">Questo innovativo inserto che va a completare la gamma PAC EVO \u00e8 specifico per le discipline ENDURO\/EBIKE\/DH nel range di misure:<\/font><\/div>\n<ul>\n<ul>\n<li><font face=\"Arial\" color=\"black\">29&quot; x 2.4 &#8211; 2.6 (canale 25-35)<\/font><\/li>\n<li><font face=\"Arial\" color=\"black\">27.5&quot; x 2.4 -2.6 (canale 25-35)<\/font><\/li>\n<\/ul>\n<\/ul>\n<div>&nbsp;<\/div>\n<div><font face=\"Arial\" color=\"black\">PAC EVO HD, successore della gamma PAC1, introduce numerosi vantaggi:<\/font><\/div>\n<div>&nbsp;<\/div>\n<ul>\n<ul>\n<li><font face=\"Arial\" color=\"black\">RIDUZIONE DEL PESO: ( 29&quot; 140Gr \/ 27.5&quot; 130Gr), grazie al design specifico siamo riusciti ad ottimizzare la sezione, andando ad eliminare volumetria e peso superfluo, lasciando pi\u00f9 spazio all\u2019aria al fine di migliorare il ride feeling <\/font><\/li>\n<li><font face=\"Arial\" color=\"black\">MIGLIORE SCORREVOLEZZA: Grazie al nuovo design ed al materiale superelastico di cui \u00e8 composto questo inserto, siamo riusciti a migliorare la scorrevolezza del sistema ruota, sia su asfalto che nelle sessioni pi\u00f9 impervie<\/font><\/li>\n<li><font face=\"Arial\" color=\"black\">MIGLIORE ASSORBIMENTO DEGLI IMPATTI: Il materiale di cui \u00e8 composto PAC EVO HD \u00e8 stato appositamente sviluppato per rendere questo prodotto estremamente elastico e resistente agli impatti, permettendo allo pneumatico di funzionare come una vera e propria sospensione e di potersi comprimere per tutto il suo travel, rendendo la guida della bicicletta pi\u00f9 naturale e prevedibile, al fine di incrementare il feeling di guida anche nelle sessioni rocciose pi\u00f9 impervie.<\/font><\/li>\n<li><font face=\"Arial\" color=\"black\">TOTALE IMPERMEABILITA AI SIGILLANTI: Grazie al nuovo processo produttivo, la superficie dell\u2019inserto a celle chiuse \u00e8 schermata da una pelle totalmente idrorepellente, che non permette a nessuna tipologia di sigillante di poter essere assorbita.<\/font><\/li>\n<li><font face=\"Arial\" color=\"black\">MIGLIORE SCORREVOLEZZA IN RUNFLAT: Grazie al materiale superelastico, in caso di foratura, questo prodotto \u00e8 in grado di offrire una migliore scorrevolezza introducendo livelli inferiori di isteresi, oltre ad una buona protezione dagli impatti. <\/font><\/li>\n<li><font face=\"Arial\" color=\"black\">INSTALLAZIONE SEMPLIFICATA: Sempre grazie al nuovo shape ed alla sua elasticit\u00e0, PAC EVO HD \u00e8 molto pi\u00f9 semplice da installare, anche su coperture e canali al limite inferiore del range per il quale questo prodotto \u00e8 stato designato:<\/font><\/li>\n<ul>\n<ul>\n<li><font face=\"Arial\" color=\"black\">29\u201d &nbsp;&nbsp;&nbsp;x 2.4 &#8211; 2.6 (canale 25-35)<\/font><\/li>\n<\/ul>\n<\/ul>\n<\/ul>\n<\/ul>\n<div><font face=\"Arial\" color=\"black\">27.5\u201d x 2.4 -2.6 (canale 25-35)<\/font><\/div>\n","protected":false},"excerpt":{"rendered":"<p>PAC EVO HD \u00e8 stata sviluppata con uno speciale layout che si adatta perfettamente alla sezione del canale e pneumatico, permettendo una pi\u00f9 agevole installazione e miglior performance. &nbsp; Questo innovativo inserto che va a completare la gamma PAC EVO \u00e8 specifico per le discipline ENDURO\/EBIKE\/DH nel range di misure: 29&quot; x 2.4 &#8211; 2.6 [&hellip;]<\/p>\n","protected":false},"featured_media":53535,"template":"","meta":{"inline_featured_image":false},"product_cat":[42],"product_tag":[65],"class_list":{"0":"post-40951","1":"product","2":"type-product","3":"status-publish","4":"has-post-thumbnail","6":"product_brand-supermousse","7":"product_cat-mousse","8":"product_tag-supermousse","10":"first","11":"instock","12":"taxable","13":"shipping-taxable","14":"purchasable","15":"product-type-simple"},"yoast_head":"<!-- This site is optimized with the Yoast SEO plugin v27.0 - https:\/\/yoast.com\/product\/yoast-seo-wordpress\/ -->\n<title>&quot;SUPERMOUSSE PAC EVO HD - 29&quot; - Andreani bici<\/title>\n<meta name=\"robots\" content=\"index, follow, max-snippet:-1, max-image-preview:large, max-video-preview:-1\" \/>\n<link rel=\"canonical\" href=\"https:\/\/bici.andreanigroup.com\/en\/prodotto\/supermousse-pac-evo-hd-29\/\" \/>\n<meta property=\"og:locale\" content=\"en_US\" \/>\n<meta property=\"og:type\" content=\"article\" \/>\n<meta property=\"og:title\" content=\"&quot;SUPERMOUSSE PAC EVO HD - 29&quot; - Andreani bici\" \/>\n<meta property=\"og:description\" content=\"PAC EVO HD \u00e8 stata sviluppata con uno speciale layout che si adatta perfettamente alla sezione del canale e pneumatico, permettendo una pi\u00f9 agevole installazione e miglior performance. &nbsp; Questo innovativo inserto che va a completare la gamma PAC EVO \u00e8 specifico per le discipline ENDURO\/EBIKE\/DH nel range di misure: 29&quot; x 2.4 &#8211; 2.6 [&hellip;]\" \/>\n<meta property=\"og:url\" content=\"https:\/\/bici.andreanigroup.com\/en\/prodotto\/supermousse-pac-evo-hd-29\/\" \/>\n<meta property=\"og:site_name\" content=\"Andreani bici\" \/>\n<meta property=\"article:modified_time\" content=\"2026-01-02T23:40:10+00:00\" \/>\n<meta property=\"og:image\" content=\"https:\/\/bici.andreanigroup.com\/wp-content\/uploads\/2026\/01\/PACEVO-HD29WhatsApp%20Image%202024-04-24%20at%20110.22.jpg\" \/>\n\t<meta property=\"og:image:width\" content=\"2992\" \/>\n\t<meta property=\"og:image:height\" content=\"2992\" \/>\n\t<meta property=\"og:image:type\" content=\"image\/jpeg\" \/>\n<meta name=\"twitter:card\" content=\"summary_large_image\" \/>\n<meta name=\"twitter:label1\" content=\"Est. reading time\" \/>\n\t<meta name=\"twitter:data1\" content=\"2 minutes\" \/>\n<script type=\"application\/ld+json\" class=\"yoast-schema-graph\">{\"@context\":\"https:\/\/schema.org\",\"@graph\":[{\"@type\":\"WebPage\",\"@id\":\"https:\/\/bici.andreanigroup.com\/en\/prodotto\/supermousse-pac-evo-hd-29\/\",\"url\":\"https:\/\/bici.andreanigroup.com\/en\/prodotto\/supermousse-pac-evo-hd-29\/\",\"name\":\"\\\"SUPERMOUSSE PAC EVO HD - 29\\\" - Andreani bici\",\"isPartOf\":{\"@id\":\"https:\/\/bici.andreanigroup.com\/en\/#website\"},\"primaryImageOfPage\":{\"@id\":\"https:\/\/bici.andreanigroup.com\/en\/prodotto\/supermousse-pac-evo-hd-29\/#primaryimage\"},\"image\":{\"@id\":\"https:\/\/bici.andreanigroup.com\/en\/prodotto\/supermousse-pac-evo-hd-29\/#primaryimage\"},\"thumbnailUrl\":\"https:\/\/bici.andreanigroup.com\/wp-content\/uploads\/2026\/01\/PACEVO-HD29WhatsApp Image 2024-04-24 at 110.22.jpg\",\"datePublished\":\"2024-05-02T10:51:28+00:00\",\"dateModified\":\"2026-01-02T23:40:10+00:00\",\"breadcrumb\":{\"@id\":\"https:\/\/bici.andreanigroup.com\/en\/prodotto\/supermousse-pac-evo-hd-29\/#breadcrumb\"},\"inLanguage\":\"en-US\",\"potentialAction\":[{\"@type\":\"ReadAction\",\"target\":[\"https:\/\/bici.andreanigroup.com\/en\/prodotto\/supermousse-pac-evo-hd-29\/\"]}]},{\"@type\":\"ImageObject\",\"inLanguage\":\"en-US\",\"@id\":\"https:\/\/bici.andreanigroup.com\/en\/prodotto\/supermousse-pac-evo-hd-29\/#primaryimage\",\"url\":\"https:\/\/bici.andreanigroup.com\/wp-content\/uploads\/2026\/01\/PACEVO-HD29WhatsApp Image 2024-04-24 at 110.22.jpg\",\"contentUrl\":\"https:\/\/bici.andreanigroup.com\/wp-content\/uploads\/2026\/01\/PACEVO-HD29WhatsApp Image 2024-04-24 at 110.22.jpg\",\"width\":2992,\"height\":2992},{\"@type\":\"BreadcrumbList\",\"@id\":\"https:\/\/bici.andreanigroup.com\/en\/prodotto\/supermousse-pac-evo-hd-29\/#breadcrumb\",\"itemListElement\":[{\"@type\":\"ListItem\",\"position\":1,\"name\":\"Home\",\"item\":\"https:\/\/bici.andreanigroup.com\/en\/\"},{\"@type\":\"ListItem\",\"position\":2,\"name\":\"Shop\",\"item\":\"https:\/\/bici.andreanigroup.com\/en\/shop-2\/\"},{\"@type\":\"ListItem\",\"position\":3,\"name\":\"&#8220;SUPERMOUSSE PAC EVO HD &#8211; 29&#8221;\"}]},{\"@type\":\"WebSite\",\"@id\":\"https:\/\/bici.andreanigroup.com\/en\/#website\",\"url\":\"https:\/\/bici.andreanigroup.com\/en\/\",\"name\":\"Andreani bici\",\"description\":\"\",\"potentialAction\":[{\"@type\":\"SearchAction\",\"target\":{\"@type\":\"EntryPoint\",\"urlTemplate\":\"https:\/\/bici.andreanigroup.com\/en\/?s={search_term_string}\"},\"query-input\":{\"@type\":\"PropertyValueSpecification\",\"valueRequired\":true,\"valueName\":\"search_term_string\"}}],\"inLanguage\":\"en-US\"}]}<\/script>\n<!-- \/ Yoast SEO plugin. -->","yoast_head_json":{"title":"\"SUPERMOUSSE PAC EVO HD - 29\" - Andreani bici","robots":{"index":"index","follow":"follow","max-snippet":"max-snippet:-1","max-image-preview":"max-image-preview:large","max-video-preview":"max-video-preview:-1"},"canonical":"https:\/\/bici.andreanigroup.com\/en\/prodotto\/supermousse-pac-evo-hd-29\/","og_locale":"en_US","og_type":"article","og_title":"\"SUPERMOUSSE PAC EVO HD - 29\" - Andreani bici","og_description":"PAC EVO HD \u00e8 stata sviluppata con uno speciale layout che si adatta perfettamente alla sezione del canale e pneumatico, permettendo una pi\u00f9 agevole installazione e miglior performance. &nbsp; Questo innovativo inserto che va a completare la gamma PAC EVO \u00e8 specifico per le discipline ENDURO\/EBIKE\/DH nel range di misure: 29&quot; x 2.4 &#8211; 2.6 [&hellip;]","og_url":"https:\/\/bici.andreanigroup.com\/en\/prodotto\/supermousse-pac-evo-hd-29\/","og_site_name":"Andreani bici","article_modified_time":"2026-01-02T23:40:10+00:00","og_image":[{"width":2992,"height":2992,"url":"https:\/\/bici.andreanigroup.com\/wp-content\/uploads\/2026\/01\/PACEVO-HD29WhatsApp Image 2024-04-24 at 110.22.jpg","type":"image\/jpeg"}],"twitter_card":"summary_large_image","twitter_misc":{"Est. reading time":"2 minutes"},"schema":{"@context":"https:\/\/schema.org","@graph":[{"@type":"WebPage","@id":"https:\/\/bici.andreanigroup.com\/en\/prodotto\/supermousse-pac-evo-hd-29\/","url":"https:\/\/bici.andreanigroup.com\/en\/prodotto\/supermousse-pac-evo-hd-29\/","name":"\"SUPERMOUSSE PAC EVO HD - 29\" - Andreani bici","isPartOf":{"@id":"https:\/\/bici.andreanigroup.com\/en\/#website"},"primaryImageOfPage":{"@id":"https:\/\/bici.andreanigroup.com\/en\/prodotto\/supermousse-pac-evo-hd-29\/#primaryimage"},"image":{"@id":"https:\/\/bici.andreanigroup.com\/en\/prodotto\/supermousse-pac-evo-hd-29\/#primaryimage"},"thumbnailUrl":"https:\/\/bici.andreanigroup.com\/wp-content\/uploads\/2026\/01\/PACEVO-HD29WhatsApp Image 2024-04-24 at 110.22.jpg","datePublished":"2024-05-02T10:51:28+00:00","dateModified":"2026-01-02T23:40:10+00:00","breadcrumb":{"@id":"https:\/\/bici.andreanigroup.com\/en\/prodotto\/supermousse-pac-evo-hd-29\/#breadcrumb"},"inLanguage":"en-US","potentialAction":[{"@type":"ReadAction","target":["https:\/\/bici.andreanigroup.com\/en\/prodotto\/supermousse-pac-evo-hd-29\/"]}]},{"@type":"ImageObject","inLanguage":"en-US","@id":"https:\/\/bici.andreanigroup.com\/en\/prodotto\/supermousse-pac-evo-hd-29\/#primaryimage","url":"https:\/\/bici.andreanigroup.com\/wp-content\/uploads\/2026\/01\/PACEVO-HD29WhatsApp Image 2024-04-24 at 110.22.jpg","contentUrl":"https:\/\/bici.andreanigroup.com\/wp-content\/uploads\/2026\/01\/PACEVO-HD29WhatsApp Image 2024-04-24 at 110.22.jpg","width":2992,"height":2992},{"@type":"BreadcrumbList","@id":"https:\/\/bici.andreanigroup.com\/en\/prodotto\/supermousse-pac-evo-hd-29\/#breadcrumb","itemListElement":[{"@type":"ListItem","position":1,"name":"Home","item":"https:\/\/bici.andreanigroup.com\/en\/"},{"@type":"ListItem","position":2,"name":"Shop","item":"https:\/\/bici.andreanigroup.com\/en\/shop-2\/"},{"@type":"ListItem","position":3,"name":"&#8220;SUPERMOUSSE PAC EVO HD &#8211; 29&#8221;"}]},{"@type":"WebSite","@id":"https:\/\/bici.andreanigroup.com\/en\/#website","url":"https:\/\/bici.andreanigroup.com\/en\/","name":"Andreani bici","description":"","potentialAction":[{"@type":"SearchAction","target":{"@type":"EntryPoint","urlTemplate":"https:\/\/bici.andreanigroup.com\/en\/?s={search_term_string}"},"query-input":{"@type":"PropertyValueSpecification","valueRequired":true,"valueName":"search_term_string"}}],"inLanguage":"en-US"}]}},"_links":{"self":[{"href":"https:\/\/bici.andreanigroup.com\/en\/wp-json\/wp\/v2\/product\/40951","targetHints":{"allow":["GET"]}}],"collection":[{"href":"https:\/\/bici.andreanigroup.com\/en\/wp-json\/wp\/v2\/product"}],"about":[{"href":"https:\/\/bici.andreanigroup.com\/en\/wp-json\/wp\/v2\/types\/product"}],"wp:featuredmedia":[{"embeddable":true,"href":"https:\/\/bici.andreanigroup.com\/en\/wp-json\/wp\/v2\/media\/53535"}],"wp:attachment":[{"href":"https:\/\/bici.andreanigroup.com\/en\/wp-json\/wp\/v2\/media?parent=40951"}],"wp:term":[{"taxonomy":"product_cat","embeddable":true,"href":"https:\/\/bici.andreanigroup.com\/en\/wp-json\/wp\/v2\/product_cat?post=40951"},{"taxonomy":"product_tag","embeddable":true,"href":"https:\/\/bici.andreanigroup.com\/en\/wp-json\/wp\/v2\/product_tag?post=40951"}],"curies":[{"name":"wp","href":"https:\/\/api.w.org\/{rel}","templated":true}]}}