{"id":49623,"date":"2025-06-10T00:40:03","date_gmt":"2025-06-09T22:40:03","guid":{"rendered":"https:\/\/bici.andreanigroup.com\/prodotto\/flex-309e-dt-350-sp-mtb-15-x-110-boost-cl-28-dt-350-sp-mtb-12-x-148-shimano-12-sp-micro-spline\/"},"modified":"2025-06-10T11:59:36","modified_gmt":"2025-06-10T09:59:36","slug":"flex-309e-dt-350-sp-mtb-15-x-110-boost-cl-28-dt-350-sp-mtb-12-x-148-shimano-12-sp-micro-spline","status":"publish","type":"product","link":"https:\/\/bici.andreanigroup.com\/en\/prodotto\/flex-309e-dt-350-sp-mtb-15-x-110-boost-cl-28-dt-350-sp-mtb-12-x-148-shimano-12-sp-micro-spline\/","title":{"rendered":"Flex 309E \/ DT 350 SP MTB 15 x 110 Boost CL 28 \/ DT 350 SP MTB 12 x 148 Shimano 12 sp. Micro spline"},"content":{"rendered":"<ul>\n<ul>\n<li><font face=\"Times New Roman\" size=\"3\" color=\"black\">Design del bordo rinforzato per resistere ai rigori down country e percorsi enduro.<\/font><\/li>\n<li><font face=\"Times New Roman\" size=\"3\" color=\"black\">Mantiene le innovative propriet\u00e0 di smorzamento delle vibrazioni e di assorbimento degli urti <\/font><font face=\"Times New Roman\" size=\"3\" color=\"#FF6600\"><u>Ninefold Flex<\/u><\/font><font face=\"Times New Roman\" size=\"3\" color=\"black\"> Ruote XC.<\/font><\/li>\n<li><font face=\"Times New Roman\" size=\"3\" color=\"black\">Resistenza migliorata con raggi migliorati e nippli in ottone<\/font><\/li>\n<li><font face=\"Times New Roman\" size=\"3\" color=\"black\">Predisposizione tubeless pronta all&#8217;uso per la guida immediata e l&#8217;installazione del pneumatico<\/font><\/li>\n<li><font face=\"Times New Roman\" size=\"3\" color=\"black\">Accetta pneumatici larghi fino a 2.8 pollici per la versatilit\u00e0<\/font><\/li>\n<li><font face=\"Times New Roman\" size=\"3\" color=\"black\">Alta qualit\u00e0 e manutenzione ridotta DT Swiss hub, tra cui Super Boost Opzioni<\/font><\/li>\n<li><font face=\"Times New Roman\" size=\"3\" color=\"black\">9th WaveIl caratteristico profilo asimmetrico di per ruote della massima qualit\u00e0 con tensione dei raggi perfettamente bilanciata tra entrambi i lati della ruota<\/font><\/li>\n<li><font face=\"Times New Roman\" size=\"3\" color=\"black\">Costruito esclusivamente a mano nei Paesi Bassi per garantire qualit\u00e0 e precisione<\/font><\/li>\n<\/ul>\n<\/ul>\n<div><font face=\"Times New Roman\" size=\"3\" color=\"black\">Approfondire le eccezionali caratteristiche del Flex E Carbon Wheels, queste ruote sono specificamente progettate con un design rinforzato per resistere alle esigenze delle avventure Enduro ed E-MTB. Con una larghezza interna del cerchio di 35 mm, insieme a capacit\u00e0 di smorzamento delle vibrazioni e di assorbimento degli urti, le Flex E Le ruote promettono una guida incredibilmente fluida e reattiva.<\/font><\/div>\n<div><font face=\"Times New Roman\" size=\"3\" color=\"black\">Dotate di raggi Sapim Race, nippli in ottone, predisposizione tubeless e compatibili con pneumatici fino a 2.8 pollici di larghezza, queste ruote sono predisposte sia per versatilit\u00e0 che per praticit\u00e0. Dotato di alta qualit\u00e0 DT Swiss mozzi per prestazioni di prim&#8217;ordine e manutenzione minima, il Flex E Le ruote in carbonio sono sinonimo di affidabilit\u00e0.<\/font><\/div>\n<div><font face=\"Times New Roman\" size=\"3\" color=\"black\">Infuso con 9th Wave&#8217;S <\/font><font face=\"Times New Roman\" size=\"3\" color=\"#FF6600\"><u>caratteristico profilo asimmetrico<\/u><\/font><font face=\"Times New Roman\" size=\"3\" color=\"black\"> e abilmente assemblato a mano nei Paesi Bassi, il Flex E Le ruote in carbonio non solo garantiscono un&#8217;esperienza di guida straordinaria, ma anchebody l&#8217;apice dell&#8217;artigianato. Preparati a conquistare qualsiasi terreno con sicurezza: \u00e8 ora di portare la tua avventura al massimo Flex E Ruote.<\/font><\/div>\n","protected":false},"excerpt":{"rendered":"<p>Design del bordo rinforzato per resistere ai rigori down country e percorsi enduro. Mantiene le innovative propriet\u00e0 di smorzamento delle vibrazioni e di assorbimento degli urti Ninefold Flex Ruote XC. Resistenza migliorata con raggi migliorati e nippli in ottone Predisposizione tubeless pronta all&#8217;uso per la guida immediata e l&#8217;installazione del pneumatico Accetta pneumatici larghi fino [&hellip;]<\/p>\n","protected":false},"featured_media":49627,"template":"","meta":{"inline_featured_image":false},"product_cat":[75],"product_tag":[83],"class_list":{"0":"post-49623","1":"product","2":"type-product","3":"status-publish","4":"has-post-thumbnail","6":"product_brand-9th-wave","7":"product_cat-ruote","8":"product_tag-9th-wave","10":"first","11":"instock","12":"sale","13":"taxable","14":"shipping-taxable","15":"purchasable","16":"product-type-simple"},"yoast_head":"<!-- This site is optimized with the Yoast SEO plugin v27.0 - https:\/\/yoast.com\/product\/yoast-seo-wordpress\/ -->\n<title>Flex 309E \/ DT 350 SP MTB 15 x 110 Boost CL 28 \/ DT 350 SP MTB 12 x 148 Shimano 12 sp. Micro spline - Andreani bici<\/title>\n<meta name=\"robots\" content=\"index, follow, max-snippet:-1, max-image-preview:large, max-video-preview:-1\" \/>\n<link rel=\"canonical\" href=\"https:\/\/bici.andreanigroup.com\/en\/prodotto\/flex-309e-dt-350-sp-mtb-15-x-110-boost-cl-28-dt-350-sp-mtb-12-x-148-shimano-12-sp-micro-spline\/\" \/>\n<meta property=\"og:locale\" content=\"en_US\" \/>\n<meta property=\"og:type\" content=\"article\" \/>\n<meta property=\"og:title\" content=\"Flex 309E \/ DT 350 SP MTB 15 x 110 Boost CL 28 \/ DT 350 SP MTB 12 x 148 Shimano 12 sp. Micro spline - Andreani bici\" \/>\n<meta property=\"og:description\" content=\"Design del bordo rinforzato per resistere ai rigori down country e percorsi enduro. Mantiene le innovative propriet\u00e0 di smorzamento delle vibrazioni e di assorbimento degli urti Ninefold Flex Ruote XC. Resistenza migliorata con raggi migliorati e nippli in ottone Predisposizione tubeless pronta all&#8217;uso per la guida immediata e l&#8217;installazione del pneumatico Accetta pneumatici larghi fino [&hellip;]\" \/>\n<meta property=\"og:url\" content=\"https:\/\/bici.andreanigroup.com\/en\/prodotto\/flex-309e-dt-350-sp-mtb-15-x-110-boost-cl-28-dt-350-sp-mtb-12-x-148-shimano-12-sp-micro-spline\/\" \/>\n<meta property=\"og:site_name\" content=\"Andreani bici\" \/>\n<meta property=\"article:modified_time\" content=\"2025-06-10T09:59:36+00:00\" \/>\n<meta property=\"og:image\" content=\"https:\/\/bici.andreanigroup.com\/wp-content\/uploads\/2025\/06\/15.K0332Flex-35E-Set-B2-1080x1080.jpg\" \/>\n\t<meta property=\"og:image:width\" content=\"1080\" \/>\n\t<meta property=\"og:image:height\" content=\"1080\" \/>\n\t<meta property=\"og:image:type\" content=\"image\/jpeg\" \/>\n<meta name=\"twitter:card\" content=\"summary_large_image\" \/>\n<meta name=\"twitter:label1\" content=\"Est. reading time\" \/>\n\t<meta name=\"twitter:data1\" content=\"1 minute\" \/>\n<script type=\"application\/ld+json\" class=\"yoast-schema-graph\">{\"@context\":\"https:\/\/schema.org\",\"@graph\":[{\"@type\":\"WebPage\",\"@id\":\"https:\/\/bici.andreanigroup.com\/en\/prodotto\/flex-309e-dt-350-sp-mtb-15-x-110-boost-cl-28-dt-350-sp-mtb-12-x-148-shimano-12-sp-micro-spline\/\",\"url\":\"https:\/\/bici.andreanigroup.com\/en\/prodotto\/flex-309e-dt-350-sp-mtb-15-x-110-boost-cl-28-dt-350-sp-mtb-12-x-148-shimano-12-sp-micro-spline\/\",\"name\":\"Flex 309E \/ DT 350 SP MTB 15 x 110 Boost CL 28 \/ DT 350 SP MTB 12 x 148 Shimano 12 sp. Micro spline - Andreani bici\",\"isPartOf\":{\"@id\":\"https:\/\/bici.andreanigroup.com\/en\/#website\"},\"primaryImageOfPage\":{\"@id\":\"https:\/\/bici.andreanigroup.com\/en\/prodotto\/flex-309e-dt-350-sp-mtb-15-x-110-boost-cl-28-dt-350-sp-mtb-12-x-148-shimano-12-sp-micro-spline\/#primaryimage\"},\"image\":{\"@id\":\"https:\/\/bici.andreanigroup.com\/en\/prodotto\/flex-309e-dt-350-sp-mtb-15-x-110-boost-cl-28-dt-350-sp-mtb-12-x-148-shimano-12-sp-micro-spline\/#primaryimage\"},\"thumbnailUrl\":\"https:\/\/bici.andreanigroup.com\/wp-content\/uploads\/2025\/06\/15.K0332Flex-35E-Set-B2-1080x1080.jpg\",\"datePublished\":\"2025-06-09T22:40:03+00:00\",\"dateModified\":\"2025-06-10T09:59:36+00:00\",\"breadcrumb\":{\"@id\":\"https:\/\/bici.andreanigroup.com\/en\/prodotto\/flex-309e-dt-350-sp-mtb-15-x-110-boost-cl-28-dt-350-sp-mtb-12-x-148-shimano-12-sp-micro-spline\/#breadcrumb\"},\"inLanguage\":\"en-US\",\"potentialAction\":[{\"@type\":\"ReadAction\",\"target\":[\"https:\/\/bici.andreanigroup.com\/en\/prodotto\/flex-309e-dt-350-sp-mtb-15-x-110-boost-cl-28-dt-350-sp-mtb-12-x-148-shimano-12-sp-micro-spline\/\"]}]},{\"@type\":\"ImageObject\",\"inLanguage\":\"en-US\",\"@id\":\"https:\/\/bici.andreanigroup.com\/en\/prodotto\/flex-309e-dt-350-sp-mtb-15-x-110-boost-cl-28-dt-350-sp-mtb-12-x-148-shimano-12-sp-micro-spline\/#primaryimage\",\"url\":\"https:\/\/bici.andreanigroup.com\/wp-content\/uploads\/2025\/06\/15.K0332Flex-35E-Set-B2-1080x1080.jpg\",\"contentUrl\":\"https:\/\/bici.andreanigroup.com\/wp-content\/uploads\/2025\/06\/15.K0332Flex-35E-Set-B2-1080x1080.jpg\",\"width\":1080,\"height\":1080},{\"@type\":\"BreadcrumbList\",\"@id\":\"https:\/\/bici.andreanigroup.com\/en\/prodotto\/flex-309e-dt-350-sp-mtb-15-x-110-boost-cl-28-dt-350-sp-mtb-12-x-148-shimano-12-sp-micro-spline\/#breadcrumb\",\"itemListElement\":[{\"@type\":\"ListItem\",\"position\":1,\"name\":\"Home\",\"item\":\"https:\/\/bici.andreanigroup.com\/en\/\"},{\"@type\":\"ListItem\",\"position\":2,\"name\":\"Shop\",\"item\":\"https:\/\/bici.andreanigroup.com\/en\/shop-2\/\"},{\"@type\":\"ListItem\",\"position\":3,\"name\":\"Flex 309E \/ DT 350 SP MTB 15 x 110 Boost CL 28 \/ DT 350 SP MTB 12 x 148 Shimano 12 sp. Micro spline\"}]},{\"@type\":\"WebSite\",\"@id\":\"https:\/\/bici.andreanigroup.com\/en\/#website\",\"url\":\"https:\/\/bici.andreanigroup.com\/en\/\",\"name\":\"Andreani bici\",\"description\":\"\",\"potentialAction\":[{\"@type\":\"SearchAction\",\"target\":{\"@type\":\"EntryPoint\",\"urlTemplate\":\"https:\/\/bici.andreanigroup.com\/en\/?s={search_term_string}\"},\"query-input\":{\"@type\":\"PropertyValueSpecification\",\"valueRequired\":true,\"valueName\":\"search_term_string\"}}],\"inLanguage\":\"en-US\"}]}<\/script>\n<!-- \/ Yoast SEO plugin. -->","yoast_head_json":{"title":"Flex 309E \/ DT 350 SP MTB 15 x 110 Boost CL 28 \/ DT 350 SP MTB 12 x 148 Shimano 12 sp. Micro spline - Andreani bici","robots":{"index":"index","follow":"follow","max-snippet":"max-snippet:-1","max-image-preview":"max-image-preview:large","max-video-preview":"max-video-preview:-1"},"canonical":"https:\/\/bici.andreanigroup.com\/en\/prodotto\/flex-309e-dt-350-sp-mtb-15-x-110-boost-cl-28-dt-350-sp-mtb-12-x-148-shimano-12-sp-micro-spline\/","og_locale":"en_US","og_type":"article","og_title":"Flex 309E \/ DT 350 SP MTB 15 x 110 Boost CL 28 \/ DT 350 SP MTB 12 x 148 Shimano 12 sp. Micro spline - Andreani bici","og_description":"Design del bordo rinforzato per resistere ai rigori down country e percorsi enduro. Mantiene le innovative propriet\u00e0 di smorzamento delle vibrazioni e di assorbimento degli urti Ninefold Flex Ruote XC. Resistenza migliorata con raggi migliorati e nippli in ottone Predisposizione tubeless pronta all&#8217;uso per la guida immediata e l&#8217;installazione del pneumatico Accetta pneumatici larghi fino [&hellip;]","og_url":"https:\/\/bici.andreanigroup.com\/en\/prodotto\/flex-309e-dt-350-sp-mtb-15-x-110-boost-cl-28-dt-350-sp-mtb-12-x-148-shimano-12-sp-micro-spline\/","og_site_name":"Andreani bici","article_modified_time":"2025-06-10T09:59:36+00:00","og_image":[{"width":1080,"height":1080,"url":"https:\/\/bici.andreanigroup.com\/wp-content\/uploads\/2025\/06\/15.K0332Flex-35E-Set-B2-1080x1080.jpg","type":"image\/jpeg"}],"twitter_card":"summary_large_image","twitter_misc":{"Est. reading time":"1 minute"},"schema":{"@context":"https:\/\/schema.org","@graph":[{"@type":"WebPage","@id":"https:\/\/bici.andreanigroup.com\/en\/prodotto\/flex-309e-dt-350-sp-mtb-15-x-110-boost-cl-28-dt-350-sp-mtb-12-x-148-shimano-12-sp-micro-spline\/","url":"https:\/\/bici.andreanigroup.com\/en\/prodotto\/flex-309e-dt-350-sp-mtb-15-x-110-boost-cl-28-dt-350-sp-mtb-12-x-148-shimano-12-sp-micro-spline\/","name":"Flex 309E \/ DT 350 SP MTB 15 x 110 Boost CL 28 \/ DT 350 SP MTB 12 x 148 Shimano 12 sp. Micro spline - Andreani bici","isPartOf":{"@id":"https:\/\/bici.andreanigroup.com\/en\/#website"},"primaryImageOfPage":{"@id":"https:\/\/bici.andreanigroup.com\/en\/prodotto\/flex-309e-dt-350-sp-mtb-15-x-110-boost-cl-28-dt-350-sp-mtb-12-x-148-shimano-12-sp-micro-spline\/#primaryimage"},"image":{"@id":"https:\/\/bici.andreanigroup.com\/en\/prodotto\/flex-309e-dt-350-sp-mtb-15-x-110-boost-cl-28-dt-350-sp-mtb-12-x-148-shimano-12-sp-micro-spline\/#primaryimage"},"thumbnailUrl":"https:\/\/bici.andreanigroup.com\/wp-content\/uploads\/2025\/06\/15.K0332Flex-35E-Set-B2-1080x1080.jpg","datePublished":"2025-06-09T22:40:03+00:00","dateModified":"2025-06-10T09:59:36+00:00","breadcrumb":{"@id":"https:\/\/bici.andreanigroup.com\/en\/prodotto\/flex-309e-dt-350-sp-mtb-15-x-110-boost-cl-28-dt-350-sp-mtb-12-x-148-shimano-12-sp-micro-spline\/#breadcrumb"},"inLanguage":"en-US","potentialAction":[{"@type":"ReadAction","target":["https:\/\/bici.andreanigroup.com\/en\/prodotto\/flex-309e-dt-350-sp-mtb-15-x-110-boost-cl-28-dt-350-sp-mtb-12-x-148-shimano-12-sp-micro-spline\/"]}]},{"@type":"ImageObject","inLanguage":"en-US","@id":"https:\/\/bici.andreanigroup.com\/en\/prodotto\/flex-309e-dt-350-sp-mtb-15-x-110-boost-cl-28-dt-350-sp-mtb-12-x-148-shimano-12-sp-micro-spline\/#primaryimage","url":"https:\/\/bici.andreanigroup.com\/wp-content\/uploads\/2025\/06\/15.K0332Flex-35E-Set-B2-1080x1080.jpg","contentUrl":"https:\/\/bici.andreanigroup.com\/wp-content\/uploads\/2025\/06\/15.K0332Flex-35E-Set-B2-1080x1080.jpg","width":1080,"height":1080},{"@type":"BreadcrumbList","@id":"https:\/\/bici.andreanigroup.com\/en\/prodotto\/flex-309e-dt-350-sp-mtb-15-x-110-boost-cl-28-dt-350-sp-mtb-12-x-148-shimano-12-sp-micro-spline\/#breadcrumb","itemListElement":[{"@type":"ListItem","position":1,"name":"Home","item":"https:\/\/bici.andreanigroup.com\/en\/"},{"@type":"ListItem","position":2,"name":"Shop","item":"https:\/\/bici.andreanigroup.com\/en\/shop-2\/"},{"@type":"ListItem","position":3,"name":"Flex 309E \/ DT 350 SP MTB 15 x 110 Boost CL 28 \/ DT 350 SP MTB 12 x 148 Shimano 12 sp. Micro spline"}]},{"@type":"WebSite","@id":"https:\/\/bici.andreanigroup.com\/en\/#website","url":"https:\/\/bici.andreanigroup.com\/en\/","name":"Andreani bici","description":"","potentialAction":[{"@type":"SearchAction","target":{"@type":"EntryPoint","urlTemplate":"https:\/\/bici.andreanigroup.com\/en\/?s={search_term_string}"},"query-input":{"@type":"PropertyValueSpecification","valueRequired":true,"valueName":"search_term_string"}}],"inLanguage":"en-US"}]}},"_links":{"self":[{"href":"https:\/\/bici.andreanigroup.com\/en\/wp-json\/wp\/v2\/product\/49623","targetHints":{"allow":["GET"]}}],"collection":[{"href":"https:\/\/bici.andreanigroup.com\/en\/wp-json\/wp\/v2\/product"}],"about":[{"href":"https:\/\/bici.andreanigroup.com\/en\/wp-json\/wp\/v2\/types\/product"}],"wp:featuredmedia":[{"embeddable":true,"href":"https:\/\/bici.andreanigroup.com\/en\/wp-json\/wp\/v2\/media\/49627"}],"wp:attachment":[{"href":"https:\/\/bici.andreanigroup.com\/en\/wp-json\/wp\/v2\/media?parent=49623"}],"wp:term":[{"taxonomy":"product_cat","embeddable":true,"href":"https:\/\/bici.andreanigroup.com\/en\/wp-json\/wp\/v2\/product_cat?post=49623"},{"taxonomy":"product_tag","embeddable":true,"href":"https:\/\/bici.andreanigroup.com\/en\/wp-json\/wp\/v2\/product_tag?post=49623"}],"curies":[{"name":"wp","href":"https:\/\/api.w.org\/{rel}","templated":true}]}}